{"id":2,"date":"2021-08-25T22:36:35","date_gmt":"2021-08-25T20:36:35","guid":{"rendered":"http:\/\/tcdesabers.fr\/?page_id=2"},"modified":"2025-02-24T10:28:13","modified_gmt":"2025-02-24T09:28:13","slug":"club","status":"publish","type":"page","link":"https:\/\/tcdesabers.fr\/","title":{"rendered":"LE TENNIS CLUB DES ABERS DE LANNILIS"},"content":{"rendered":"\n<hr class=\"wp-block-separator\"\/>\n\n\n\n<h1 class=\"has-text-align-center\">INFOS PRATIQUES<\/h1>\n\n\n\n<p>Tout contact se fait par email : tcdesabers@gmail.com<\/p>\n\n\n\n<p>Possibilit\u00e9s de rencontrer le bureau entre 18h30 et 19h au club house en p\u00e9riode scolaire.<\/p>\n\n\n\n<p>Les r\u00e9servations de terrains se font via l&rsquo;application Tenup&rsquo;.<\/p>\n\n\n\n<h1 class=\"has-text-align-center\">Tournoi interne des abers 2025 du 01\/03 au 13\/05<\/h1>\n\n\n\n<p><strong><u>Les inscriptions sont d\u00e8s \u00e0 pr\u00e9sent ouvertes sur Ten&rsquo;Up<\/u><\/strong>.<br><\/p>\n\n\n\n<p>Ce nouveau tournoi sera :<\/p>\n\n\n\n<p>&#8211; <strong><u>gratuit&nbsp;<\/u><\/strong><\/p>\n\n\n\n<p>&#8211; <span style=\"text-decoration: underline;\"><strong>hom<\/strong><\/span><strong><span style=\"text-decoration: underline;\">ologu\u00e9<\/span><\/strong> (important pour certains joueurs afin de marquer quelques pr\u00e9cieux points pour se maintenir ou monter au classement)<\/p>\n\n\n\n<p>&#8211; r\u00e9serv\u00e9 aux seuls joueurs et joueuses de <strong>Plouguerneau<\/strong> et <strong>Lannilis<\/strong><\/p>\n\n\n\n<p>&#8211; compos\u00e9 de deux tableaux : <strong>simple femme<\/strong> et <strong>simple homme<\/strong>&#8211; <strong>libert\u00e9 d&rsquo;organisation<\/strong> : chaque joueur programme sa rencontre avec son adversaire<\/p>\n\n\n\n<p>&#8211; \u00e0 Lannilis et Plouguerneau&nbsp;: en fonction des adversaires. Donc possibilit\u00e9 de jouer sur les cours de Lannilis notamment de terre battue ext\u00e9rieure (si accept\u00e9 par les deux joueurs) mais aussi de Plouguerneau<\/p>\n\n\n\n<p>Il se d\u00e9roule du <strong>01\/03 au 13\/05<\/strong>, sur une longue p\u00e9riode, ce qui permet \u00e0 <strong>chaque joueur de s&rsquo;organiser pour contacter son adversaire<\/strong> et programmer sa rencontre.<\/p>\n\n\n\n<p>Il faudra bien faire attention \u00e0<strong> bien respecter les dates butoires impos\u00e9es \u00e0 chaque fin de tableau<\/strong> afin de permettre le bon d\u00e9roulement du tournoi. Les demi-finales&nbsp; et finales se joueront tr\u00e8s probablement le weekend du 29 au 30\/04, o\u00f9 vous serez convi\u00e9s pour un bon moment \u00e0 partager.<\/p>\n\n\n\n<p><br><strong>C&rsquo;est surtout un moment de convivialit\u00e9 pour le club et maintenant&nbsp;avec celui de Plouguerneau afin de faire de nouvelles rencontres, de progresser et surtout de s&rsquo;amuser.<\/strong><\/p>\n\n\n\n<p><br>On vous laisse vous inscrire et on revient vers vous avec les tableaux !<\/p>\n\n\n\n<h1 class=\"has-text-align-center\" id=\"bureau\">LICENCES D\u00c9COUVERTE \u00c9T\u00c9 25-50\u20ac<\/h1>\n\n\n\n<div class=\"alignnormal\"><div id=\"metaslider-id-579\" style=\"width: 100%;\" class=\"ml-slider-3-23-0 metaslider metaslider-flex metaslider-579 ml-slider\">\n    <div id=\"metaslider_container_579\">\n        <div id=\"metaslider_579\">\n            <ul aria-live=\"polite\" class=\"slides\">\n                <li style=\"display: block; width: 100%;\" class=\"slide-580 ms-image\"><img src=\"https:\/\/tcdesabers.fr\/wp-content\/uploads\/2022\/07\/20210824_121241-scaled-700x300.jpg\" height=\"300\" width=\"700\" alt=\"\" class=\"slider-579 slide-580\" title=\"20210824_121241\" \/><\/li>\n                <li style=\"display: none; width: 100%;\" class=\"slide-581 ms-image\"><img src=\"https:\/\/tcdesabers.fr\/wp-content\/uploads\/2021\/08\/20210824_121147-scaled-700x300.jpg\" height=\"300\" width=\"700\" alt=\"\" class=\"slider-579 slide-581\" title=\"20210824_121147\" \/><\/li>\n                <li style=\"display: none; width: 100%;\" class=\"slide-582 ms-image\"><img src=\"https:\/\/tcdesabers.fr\/wp-content\/uploads\/2021\/08\/20210824_121643-scaled-700x300.jpg\" height=\"300\" width=\"700\" alt=\"terrain ext\u00e9rieur en terre battue\" class=\"slider-579 slide-582\" title=\"20210824_121643\" \/><div class=\"caption-wrap\"><div class=\"caption\">terrain ext\u00e9rieur en terre battue<\/div><\/div><\/li>\n                <li style=\"display: none; width: 100%;\" class=\"slide-583 ms-image\"><img src=\"https:\/\/tcdesabers.fr\/wp-content\/uploads\/2021\/08\/20210824_121421-scaled-700x300.jpg\" height=\"300\" width=\"700\" alt=\"\" class=\"slider-579 slide-583\" title=\"20210824_121421\" \/><\/li>\n                <li style=\"display: none; width: 100%;\" class=\"slide-585 ms-image\"><img src=\"https:\/\/tcdesabers.fr\/wp-content\/uploads\/2022\/07\/20210824_121530-scaled-700x300.jpg\" height=\"300\" width=\"700\" alt=\"\" class=\"slider-579 slide-585\" title=\"20210824_121530\" \/><\/li>\n            <\/ul>\n        <\/div>\n        \n    <\/div>\n<\/div><\/div>\n\n\n\n<p><em>Vous aimez jouer au tennis, vous avez moins de 18 ans et habitez Lannilis<\/em>,<\/p>\n\n\n\n<p><em>Nous&nbsp;vous proposons&nbsp;la LICENCE D\u00c9COUVERTE \u00e0 <strong>25 euros<\/strong>&nbsp; pour acc\u00e9der au <strong>terrain ext\u00e9rieur<\/strong> tout l&rsquo;\u00e9t\u00e9. Vous serez alors membre du club.&nbsp;<\/em><\/p>\n\n\n\n<p><em>Pour \u00eatre membre du club et jouer au tennis cet \u00e9t\u00e9, nous vous proposons la LICENCE D\u00c9COUVERTE \u00e0<strong> 50 euros<\/strong>&nbsp;&nbsp;pour acc\u00e9der aux <strong>terrains<\/strong> <strong>int\u00e9rieur \/ ext\u00e9rieur<\/strong> (tout \u00e2ge).&nbsp;<\/em><\/p>\n\n\n\n<p><em>L&rsquo;acc\u00e8s au planning et \u00e0 la r\u00e9servation se fera via l\u2019application Ten\u2019Up \u00e0 t\u00e9l\u00e9charger<\/em> s<em>ur votre smartphone. <\/em><\/p>\n\n\n\n<p>Il vous suffit d&rsquo;envoyer un mail \u00e0 <a href=\"mailto:tcdesabers@gmail.com\">tcdesabers@gmail.com<\/a> <\/p>\n\n\n\n<hr class=\"wp-block-separator\"\/>\n\n\n\n<h1 class=\"has-text-align-center\" id=\"bureau\">LE TENNIS CLUB DES ABERS DE LANNILIS<\/h1>\n\n\n\n<p>Association cr\u00e9e en 1967, le Tennis Club des Abers est bas\u00e9 \u00e0 Lannilis. Le club compte, lors de la saison 2020-2021, 57 adh\u00e9rents dont 27 jeunes de moins de 18 ans. Soit une augmentation de 30% en comparaison de la saison 2018-2019. <\/p>\n\n\n\n<hr class=\"wp-block-separator\"\/>\n\n\n\n<p id=\"infra\">Le club dispose de 2 terrains : un en int\u00e9rieur (dur) et un terrain ext\u00e9rieur en terre battue construit en 2020. Des cours sont dispens\u00e9s par un entraineur dipl\u00f4m\u00e9 d&rsquo;\u00e9tat les mardis soir, vendredi soir et samedi apr\u00e8s-midi. 2 nouveaux cr\u00e9neaux sont ouverts le samedi matin pour les plus jeunes (5 \u00e0 9ans) qui veulent d\u00e9couvrir notre sport. Plus de d\u00e9tails sur le fonctionnement des cours de tennis : <a href=\".\/index.php\/les-cours-tennis-club-abers-lannilis\/\">ici<\/a>.<\/p>\n\n\n\n<div class=\"alignwide\"><div id=\"metaslider-id-255\" style=\"width: 100%;\" class=\"ml-slider-3-23-0 metaslider metaslider-flex metaslider-255 ml-slider\">\n    <div id=\"metaslider_container_255\">\n        <div id=\"metaslider_255\">\n            <ul aria-live=\"polite\" class=\"slides\">\n                <li style=\"display: block; width: 100%;\" class=\"slide-257 ms-image\"><img src=\"https:\/\/tcdesabers.fr\/wp-content\/uploads\/2021\/09\/20210824_122603-scaled-700x300.jpg\" height=\"300\" width=\"700\" alt=\"terrain int\u00e9rieur au tennis club des abers de lannilis\" class=\"slider-255 slide-257\" title=\"terrain int\u00e9rieur au tennis club des abers de lannilis\" \/><div class=\"caption-wrap\"><div class=\"caption\">terrain int\u00e9rieur au tennis club des abers de lannilis<\/div><\/div><\/li>\n                <li style=\"display: none; width: 100%;\" class=\"slide-258 ms-image\"><img src=\"https:\/\/tcdesabers.fr\/wp-content\/uploads\/2021\/09\/20210824_122550-scaled-700x300.jpg\" height=\"300\" width=\"700\" alt=\"terrain exterieur\" class=\"slider-255 slide-258\" title=\"terrain exterieur\" \/><div class=\"caption-wrap\"><div class=\"caption\">terrain exterieur vu du club house<\/div><\/div><\/li>\n                <li style=\"display: none; width: 100%;\" class=\"slide-259 ms-image\"><img src=\"https:\/\/tcdesabers.fr\/wp-content\/uploads\/2021\/09\/20210824_121945-Copie-scaled-700x300.jpg\" height=\"300\" width=\"700\" alt=\"\" class=\"slider-255 slide-259\" title=\"20210824_121945 - Copie\" \/><\/li>\n                <li style=\"display: none; width: 100%;\" class=\"slide-260 ms-image\"><img src=\"https:\/\/tcdesabers.fr\/wp-content\/uploads\/2021\/08\/20210824_121643-scaled-700x300.jpg\" height=\"300\" width=\"700\" alt=\"terrain ext\u00e9rieur en terre battue\" class=\"slider-255 slide-260\" title=\"20210824_121643\" \/><div class=\"caption-wrap\"><div class=\"caption\">terrain ext\u00e9rieur en terre battue<\/div><\/div><\/li>\n                <li style=\"display: none; width: 100%;\" class=\"slide-261 ms-image\"><img src=\"https:\/\/tcdesabers.fr\/wp-content\/uploads\/2021\/09\/20210824_122029-scaled-700x300.jpg\" height=\"300\" width=\"700\" alt=\"\" class=\"slider-255 slide-261\" title=\"20210824_122029\" \/><\/li>\n                <li style=\"display: none; width: 100%;\" class=\"slide-262 ms-image\"><img src=\"https:\/\/tcdesabers.fr\/wp-content\/uploads\/2021\/08\/20210824_121330-scaled-700x300.jpg\" height=\"300\" width=\"700\" alt=\"\" class=\"slider-255 slide-262\" title=\"20210824_121330\" \/><\/li>\n                <li style=\"display: none; width: 100%;\" class=\"slide-263 ms-image\"><img src=\"https:\/\/tcdesabers.fr\/wp-content\/uploads\/2021\/08\/20210824_121421-scaled-700x300.jpg\" height=\"300\" width=\"700\" alt=\"\" class=\"slider-255 slide-263\" title=\"20210824_121421\" \/><\/li>\n                <li style=\"display: none; width: 100%;\" class=\"slide-264 ms-image\"><img src=\"https:\/\/tcdesabers.fr\/wp-content\/uploads\/2021\/09\/20210824_122937-scaled-700x300.jpg\" height=\"300\" width=\"700\" alt=\"club house du tennis club des abers de lannilis\" class=\"slider-255 slide-264\" title=\"club house du tennis club des abers de lannilis\" \/><div class=\"caption-wrap\"><div class=\"caption\">club house du tennis club des abers de lannilis<\/div><\/div><\/li>\n            <\/ul>\n        <\/div>\n        \n    <\/div>\n<\/div><\/div>\n\n\n\n<hr class=\"wp-block-separator\"\/>\n\n\n\n<blockquote class=\"wp-block-quote\" id=\"word\"><p>Une nouvelle saison commence. Esp\u00e9rons que celle-ci soit normale. Nous vous attendons au forum des associations samedi 4 septembre pour les inscriptions. Tous les niveaux sont bien s\u00fbr bienvenus.<\/p><cite>Leslie LE REST, co-president du TC ABErs<\/cite><\/blockquote>\n\n\n\n<hr class=\"wp-block-separator\"\/>\n\n\n\n<h1 class=\"has-text-align-center\" id=\"bureau\"><strong>LES MEMBRES DU BUREAU DU TENNIS CLUB DES ABERS<\/strong><\/h1>\n\n\n\n<figure class=\"wp-block-gallery columns-3 is-cropped\"><ul class=\"blocks-gallery-grid\"><li class=\"blocks-gallery-item\"><figure><img loading=\"lazy\" width=\"498\" height=\"1024\" src=\"http:\/\/tcdesabers.fr\/wp-content\/uploads\/2021\/09\/jyves-498x1024.jpg\" alt=\"\" data-id=\"337\" data-full-url=\"http:\/\/tcdesabers.fr\/wp-content\/uploads\/2021\/09\/jyves-scaled.jpg\" data-link=\"http:\/\/tcdesabers.fr\/jyves\/\" class=\"wp-image-337\" srcset=\"https:\/\/tcdesabers.fr\/wp-content\/uploads\/2021\/09\/jyves-498x1024.jpg 498w, https:\/\/tcdesabers.fr\/wp-content\/uploads\/2021\/09\/jyves-146x300.jpg 146w, https:\/\/tcdesabers.fr\/wp-content\/uploads\/2021\/09\/jyves-768x1580.jpg 768w, https:\/\/tcdesabers.fr\/wp-content\/uploads\/2021\/09\/jyves-747x1536.jpg 747w, https:\/\/tcdesabers.fr\/wp-content\/uploads\/2021\/09\/jyves-996x2048.jpg 996w, https:\/\/tcdesabers.fr\/wp-content\/uploads\/2021\/09\/jyves-1240x2551.jpg 1240w, https:\/\/tcdesabers.fr\/wp-content\/uploads\/2021\/09\/jyves-508x1045.jpg 508w, https:\/\/tcdesabers.fr\/wp-content\/uploads\/2021\/09\/jyves-scaled.jpg 1244w\" sizes=\"(max-width: 498px) 100vw, 498px\" \/><figcaption class=\"blocks-gallery-item__caption\">Jean-Yves, co-pr\u00e9sident<\/figcaption><\/figure><\/li><li class=\"blocks-gallery-item\"><figure><img loading=\"lazy\" width=\"576\" height=\"1024\" src=\"http:\/\/tcdesabers.fr\/wp-content\/uploads\/2021\/09\/olivier-576x1024.jpg\" alt=\"\" data-id=\"335\" data-full-url=\"http:\/\/tcdesabers.fr\/wp-content\/uploads\/2021\/09\/olivier.jpg\" data-link=\"http:\/\/tcdesabers.fr\/olivier\/\" class=\"wp-image-335\" srcset=\"https:\/\/tcdesabers.fr\/wp-content\/uploads\/2021\/09\/olivier-576x1024.jpg 576w, https:\/\/tcdesabers.fr\/wp-content\/uploads\/2021\/09\/olivier-169x300.jpg 169w, https:\/\/tcdesabers.fr\/wp-content\/uploads\/2021\/09\/olivier-768x1365.jpg 768w, https:\/\/tcdesabers.fr\/wp-content\/uploads\/2021\/09\/olivier-864x1536.jpg 864w, https:\/\/tcdesabers.fr\/wp-content\/uploads\/2021\/09\/olivier-508x903.jpg 508w, https:\/\/tcdesabers.fr\/wp-content\/uploads\/2021\/09\/olivier.jpg 918w\" sizes=\"(max-width: 576px) 100vw, 576px\" \/><figcaption class=\"blocks-gallery-item__caption\">Olivier, co-pr\u00e9sident<\/figcaption><\/figure><\/li><li class=\"blocks-gallery-item\"><figure><img loading=\"lazy\" width=\"593\" height=\"1024\" src=\"http:\/\/tcdesabers.fr\/wp-content\/uploads\/2021\/09\/jerome-593x1024.jpg\" alt=\"\" data-id=\"322\" data-full-url=\"http:\/\/tcdesabers.fr\/wp-content\/uploads\/2021\/09\/jerome.jpg\" data-link=\"http:\/\/tcdesabers.fr\/index.php\/club\/jerome\/\" class=\"wp-image-322\" srcset=\"https:\/\/tcdesabers.fr\/wp-content\/uploads\/2021\/09\/jerome-593x1024.jpg 593w, https:\/\/tcdesabers.fr\/wp-content\/uploads\/2021\/09\/jerome-174x300.jpg 174w, https:\/\/tcdesabers.fr\/wp-content\/uploads\/2021\/09\/jerome-768x1326.jpg 768w, https:\/\/tcdesabers.fr\/wp-content\/uploads\/2021\/09\/jerome-889x1536.jpg 889w, https:\/\/tcdesabers.fr\/wp-content\/uploads\/2021\/09\/jerome-1186x2048.jpg 1186w, https:\/\/tcdesabers.fr\/wp-content\/uploads\/2021\/09\/jerome-508x877.jpg 508w, https:\/\/tcdesabers.fr\/wp-content\/uploads\/2021\/09\/jerome.jpg 1191w\" sizes=\"(max-width: 593px) 100vw, 593px\" \/><figcaption class=\"blocks-gallery-item__caption\">J\u00e9r\u00f4me, tr\u00e9sorier, webmaster<\/figcaption><\/figure><\/li><\/ul><figcaption class=\"blocks-gallery-caption\">Les membres du bureau du tennis club des abers<\/figcaption><\/figure>\n\n\n\n<p><\/p>\n\n\n\n<hr class=\"wp-block-separator\"\/>\n\n\n\n<h1 class=\"has-text-align-center\" id=\"partners\">LES PARTENAIRES DU TENNIS CLUB DES ABERS<\/h1>\n\n\n\n<p>Le club dispose de plusieurs partenaires priv\u00e9s tels que Tanguy Mat\u00e9riaux, le Cr\u00e9dit Agricole ou le magasin 3 sets \u00e0 Brest et de sponsors publics comme la mairie de Lannilis.<\/p>\n\n\n\n<div class=\"wp-block-columns\">\n<div class=\"wp-block-column\" style=\"flex-basis:33.33%\">\n<figure class=\"wp-block-image size-large\"><img loading=\"lazy\" width=\"200\" height=\"110\" src=\"https:\/\/tcdesabers.fr\/wp-content\/uploads\/2021\/09\/te\u0301le\u0301chargement.jpeg\" alt=\"777\" class=\"wp-image-118\"\/><figcaption>magasin 777 \u00e0 Brest<\/figcaption><\/figure>\n<\/div>\n\n\n\n<div class=\"wp-block-column\" style=\"flex-basis:66.66%\">\n<p>3 sets est un magasin \u00e0 Brest sp\u00e9cialis\u00e9 dans les sports de raquettes. Il offre aux adh\u00e9rents 1 t-shirt de tennis gratuit par saison ainsi que 10% de remise sur les articles du magasin.<\/p>\n<\/div>\n<\/div>\n\n\n\n<div class=\"wp-block-columns\">\n<div class=\"wp-block-column is-vertically-aligned-center\" style=\"flex-basis:66.66%\">\n<p>Le cr\u00e9dit agricole est partenaire du TC Abers depuis 2020 en tant que sponsor terrain ext\u00e9rieur.<\/p>\n<\/div>\n\n\n\n<div class=\"wp-block-column is-vertically-aligned-center\" style=\"flex-basis:33.33%\">\n<figure class=\"wp-block-image size-large\"><img loading=\"lazy\" width=\"400\" height=\"300\" src=\"https:\/\/tcdesabers.fr\/wp-content\/uploads\/2021\/09\/logo-carrefour-credit-agricole.png\" alt=\"credit agricole lannilis\" class=\"wp-image-120\" srcset=\"https:\/\/tcdesabers.fr\/wp-content\/uploads\/2021\/09\/logo-carrefour-credit-agricole.png 400w, https:\/\/tcdesabers.fr\/wp-content\/uploads\/2021\/09\/logo-carrefour-credit-agricole-300x225.png 300w\" sizes=\"(max-width: 400px) 100vw, 400px\" \/><figcaption>credit agricole lannilis<\/figcaption><\/figure>\n<\/div>\n<\/div>\n\n\n\n<div class=\"wp-block-group\"><div class=\"wp-block-group__inner-container\">\n<div class=\"wp-block-columns\">\n<div class=\"wp-block-column\" style=\"flex-basis:33.33%\">\n<figure class=\"wp-block-image size-large\"><img loading=\"lazy\" width=\"225\" height=\"225\" src=\"https:\/\/tcdesabers.fr\/wp-content\/uploads\/2021\/09\/te\u0301le\u0301chargement2.png\" alt=\"tanguy materiaux lannilis\" class=\"wp-image-121\" srcset=\"https:\/\/tcdesabers.fr\/wp-content\/uploads\/2021\/09\/te\u0301le\u0301chargement2.png 225w, https:\/\/tcdesabers.fr\/wp-content\/uploads\/2021\/09\/te\u0301le\u0301chargement2-150x150.png 150w\" sizes=\"(max-width: 225px) 100vw, 225px\" \/><figcaption>tanguy materiaux lannilis<\/figcaption><\/figure>\n<\/div>\n\n\n\n<div class=\"wp-block-column is-vertically-aligned-center\" style=\"flex-basis:66.66%\">\n<p>Tanguy Mat\u00e9riaux est partenaire du TC Abers depuis 2020 en tant que sponsor terrain ext\u00e9rieur.<\/p>\n<\/div>\n<\/div>\n<\/div><\/div>\n\n\n\n<div class=\"wp-block-columns\">\n<div class=\"wp-block-column is-vertically-aligned-center\" style=\"flex-basis:66.66%\">\n<p>La mairie de Lannilis est le 1er partenaire du tennis club des abers \u00e0 qui elle met \u00e0 disposition les infrastructures de Kergroas.<\/p>\n<\/div>\n\n\n\n<div class=\"wp-block-column\" style=\"flex-basis:33.33%\">\n<figure class=\"wp-block-image size-large\"><img loading=\"lazy\" width=\"284\" height=\"177\" src=\"https:\/\/tcdesabers.fr\/wp-content\/uploads\/2021\/09\/lannilis.jpg\" alt=\"mairie de lannilis\" class=\"wp-image-421\"\/><figcaption>mairie de lannilis<\/figcaption><\/figure>\n<\/div>\n<\/div>\n","protected":false},"excerpt":{"rendered":"<p>INFOS PRATIQUES Tout contact se fait par email : tcdesabers@gmail.com Possibilit\u00e9s de rencontrer le bureau entre 18h30 et 19h au club house en p\u00e9riode scolaire. Les r\u00e9servations de terrains se font via l&rsquo;application Tenup&rsquo;. Tournoi interne des abers 2025 du 01\/03 au 13\/05 Les inscriptions sont d\u00e8s \u00e0 pr\u00e9sent ouvertes sur Ten&rsquo;Up. Ce nouveau tournoi [&hellip;]<\/p>\n","protected":false},"author":4,"featured_media":0,"parent":0,"menu_order":0,"comment_status":"closed","ping_status":"closed","template":"","meta":[],"yoast_head":"<!-- This site is optimized with the Yoast SEO plugin v17.2 - https:\/\/yoast.com\/wordpress\/plugins\/seo\/ -->\n<title>LE TENNIS CLUB DES ABERS DE LANNILIS - Tennis Club des Abers \u00e0 Lannilis<\/title>\n<meta name=\"robots\" content=\"index, follow, max-snippet:-1, max-image-preview:large, max-video-preview:-1\" \/>\n<link rel=\"canonical\" href=\"https:\/\/tcdesabers.fr\/\" \/>\n<meta property=\"og:locale\" content=\"fr_FR\" \/>\n<meta property=\"og:type\" content=\"article\" \/>\n<meta property=\"og:title\" content=\"LE TENNIS CLUB DES ABERS DE LANNILIS - Tennis Club des Abers \u00e0 Lannilis\" \/>\n<meta property=\"og:description\" content=\"INFOS PRATIQUES Tout contact se fait par email : tcdesabers@gmail.com Possibilit\u00e9s de rencontrer le bureau entre 18h30 et 19h au club house en p\u00e9riode scolaire. Les r\u00e9servations de terrains se font via l&rsquo;application Tenup&rsquo;. Tournoi interne des abers 2025 du 01\/03 au 13\/05 Les inscriptions sont d\u00e8s \u00e0 pr\u00e9sent ouvertes sur Ten&rsquo;Up. Ce nouveau tournoi [&hellip;]\" \/>\n<meta property=\"og:url\" content=\"https:\/\/tcdesabers.fr\/\" \/>\n<meta property=\"og:site_name\" content=\"Tennis Club des Abers \u00e0 Lannilis\" \/>\n<meta property=\"article:publisher\" content=\"https:\/\/www.facebook.com\/tcabers.tcabers\" \/>\n<meta property=\"article:modified_time\" content=\"2025-02-24T09:28:13+00:00\" \/>\n<meta property=\"og:image\" content=\"http:\/\/tcdesabers.fr\/wp-content\/uploads\/2021\/09\/jyves-498x1024.jpg\" \/>\n<meta name=\"twitter:card\" content=\"summary_large_image\" \/>\n<meta name=\"twitter:label1\" content=\"Dur\u00e9e de lecture est.\" \/>\n\t<meta name=\"twitter:data1\" content=\"5 minutes\" \/>\n<script type=\"application\/ld+json\" class=\"yoast-schema-graph\">{\"@context\":\"https:\/\/schema.org\",\"@graph\":[{\"@type\":\"Organization\",\"@id\":\"https:\/\/tcdesabers.fr\/#organization\",\"name\":\"tennis club des abers de lannilis\",\"url\":\"https:\/\/tcdesabers.fr\/\",\"sameAs\":[\"https:\/\/www.facebook.com\/tcabers.tcabers\",\"https:\/\/www.instagram.com\/tcdesabers\/\"],\"logo\":{\"@type\":\"ImageObject\",\"@id\":\"https:\/\/tcdesabers.fr\/#logo\",\"inLanguage\":\"fr-FR\",\"url\":\"https:\/\/tcdesabers.fr\/wp-content\/uploads\/2021\/09\/cropped-logo.texte_.grand_.noir_.png\",\"contentUrl\":\"https:\/\/tcdesabers.fr\/wp-content\/uploads\/2021\/09\/cropped-logo.texte_.grand_.noir_.png\",\"width\":2000,\"height\":1000,\"caption\":\"tennis club des abers de lannilis\"},\"image\":{\"@id\":\"https:\/\/tcdesabers.fr\/#logo\"}},{\"@type\":\"WebSite\",\"@id\":\"https:\/\/tcdesabers.fr\/#website\",\"url\":\"https:\/\/tcdesabers.fr\/\",\"name\":\"Tennis Club des Abers \\u00e0 Lannilis\",\"description\":\"\\u00a0\\u00a0\\u00a0\\u00a0\\u00a0\\u00a0\\u00a0\\u00a0\\u00a0\\u00a0Tennis Club des Abers de Lannilis\",\"publisher\":{\"@id\":\"https:\/\/tcdesabers.fr\/#organization\"},\"potentialAction\":[{\"@type\":\"SearchAction\",\"target\":{\"@type\":\"EntryPoint\",\"urlTemplate\":\"https:\/\/tcdesabers.fr\/?s={search_term_string}\"},\"query-input\":\"required name=search_term_string\"}],\"inLanguage\":\"fr-FR\"},{\"@type\":\"ImageObject\",\"@id\":\"https:\/\/tcdesabers.fr\/#primaryimage\",\"inLanguage\":\"fr-FR\",\"url\":\"http:\/\/tcdesabers.fr\/wp-content\/uploads\/2021\/09\/jyves-498x1024.jpg\",\"contentUrl\":\"http:\/\/tcdesabers.fr\/wp-content\/uploads\/2021\/09\/jyves-498x1024.jpg\"},{\"@type\":\"WebPage\",\"@id\":\"https:\/\/tcdesabers.fr\/#webpage\",\"url\":\"https:\/\/tcdesabers.fr\/\",\"name\":\"LE TENNIS CLUB DES ABERS DE LANNILIS - Tennis Club des Abers \\u00e0 Lannilis\",\"isPartOf\":{\"@id\":\"https:\/\/tcdesabers.fr\/#website\"},\"primaryImageOfPage\":{\"@id\":\"https:\/\/tcdesabers.fr\/#primaryimage\"},\"datePublished\":\"2021-08-25T20:36:35+00:00\",\"dateModified\":\"2025-02-24T09:28:13+00:00\",\"breadcrumb\":{\"@id\":\"https:\/\/tcdesabers.fr\/#breadcrumb\"},\"inLanguage\":\"fr-FR\",\"potentialAction\":[{\"@type\":\"ReadAction\",\"target\":[\"https:\/\/tcdesabers.fr\/\"]}]},{\"@type\":\"BreadcrumbList\",\"@id\":\"https:\/\/tcdesabers.fr\/#breadcrumb\",\"itemListElement\":[{\"@type\":\"ListItem\",\"position\":1,\"name\":\"Accueil\",\"item\":\"https:\/\/tcdesabers.fr\/\"},{\"@type\":\"ListItem\",\"position\":2,\"name\":\"LE TENNIS CLUB DES ABERS DE LANNILIS\"}]}]}<\/script>\n<!-- \/ Yoast SEO plugin. -->","yoast_head_json":{"title":"LE TENNIS CLUB DES ABERS DE LANNILIS - Tennis Club des Abers \u00e0 Lannilis","robots":{"index":"index","follow":"follow","max-snippet":"max-snippet:-1","max-image-preview":"max-image-preview:large","max-video-preview":"max-video-preview:-1"},"canonical":"https:\/\/tcdesabers.fr\/","og_locale":"fr_FR","og_type":"article","og_title":"LE TENNIS CLUB DES ABERS DE LANNILIS - Tennis Club des Abers \u00e0 Lannilis","og_description":"INFOS PRATIQUES Tout contact se fait par email : tcdesabers@gmail.com Possibilit\u00e9s de rencontrer le bureau entre 18h30 et 19h au club house en p\u00e9riode scolaire. Les r\u00e9servations de terrains se font via l&rsquo;application Tenup&rsquo;. Tournoi interne des abers 2025 du 01\/03 au 13\/05 Les inscriptions sont d\u00e8s \u00e0 pr\u00e9sent ouvertes sur Ten&rsquo;Up. Ce nouveau tournoi [&hellip;]","og_url":"https:\/\/tcdesabers.fr\/","og_site_name":"Tennis Club des Abers \u00e0 Lannilis","article_publisher":"https:\/\/www.facebook.com\/tcabers.tcabers","article_modified_time":"2025-02-24T09:28:13+00:00","og_image":[{"url":"http:\/\/tcdesabers.fr\/wp-content\/uploads\/2021\/09\/jyves-498x1024.jpg"}],"twitter_card":"summary_large_image","twitter_misc":{"Dur\u00e9e de lecture est.":"5 minutes"},"schema":{"@context":"https:\/\/schema.org","@graph":[{"@type":"Organization","@id":"https:\/\/tcdesabers.fr\/#organization","name":"tennis club des abers de lannilis","url":"https:\/\/tcdesabers.fr\/","sameAs":["https:\/\/www.facebook.com\/tcabers.tcabers","https:\/\/www.instagram.com\/tcdesabers\/"],"logo":{"@type":"ImageObject","@id":"https:\/\/tcdesabers.fr\/#logo","inLanguage":"fr-FR","url":"https:\/\/tcdesabers.fr\/wp-content\/uploads\/2021\/09\/cropped-logo.texte_.grand_.noir_.png","contentUrl":"https:\/\/tcdesabers.fr\/wp-content\/uploads\/2021\/09\/cropped-logo.texte_.grand_.noir_.png","width":2000,"height":1000,"caption":"tennis club des abers de lannilis"},"image":{"@id":"https:\/\/tcdesabers.fr\/#logo"}},{"@type":"WebSite","@id":"https:\/\/tcdesabers.fr\/#website","url":"https:\/\/tcdesabers.fr\/","name":"Tennis Club des Abers \u00e0 Lannilis","description":"\u00a0\u00a0\u00a0\u00a0\u00a0\u00a0\u00a0\u00a0\u00a0\u00a0Tennis Club des Abers de Lannilis","publisher":{"@id":"https:\/\/tcdesabers.fr\/#organization"},"potentialAction":[{"@type":"SearchAction","target":{"@type":"EntryPoint","urlTemplate":"https:\/\/tcdesabers.fr\/?s={search_term_string}"},"query-input":"required name=search_term_string"}],"inLanguage":"fr-FR"},{"@type":"ImageObject","@id":"https:\/\/tcdesabers.fr\/#primaryimage","inLanguage":"fr-FR","url":"http:\/\/tcdesabers.fr\/wp-content\/uploads\/2021\/09\/jyves-498x1024.jpg","contentUrl":"http:\/\/tcdesabers.fr\/wp-content\/uploads\/2021\/09\/jyves-498x1024.jpg"},{"@type":"WebPage","@id":"https:\/\/tcdesabers.fr\/#webpage","url":"https:\/\/tcdesabers.fr\/","name":"LE TENNIS CLUB DES ABERS DE LANNILIS - Tennis Club des Abers \u00e0 Lannilis","isPartOf":{"@id":"https:\/\/tcdesabers.fr\/#website"},"primaryImageOfPage":{"@id":"https:\/\/tcdesabers.fr\/#primaryimage"},"datePublished":"2021-08-25T20:36:35+00:00","dateModified":"2025-02-24T09:28:13+00:00","breadcrumb":{"@id":"https:\/\/tcdesabers.fr\/#breadcrumb"},"inLanguage":"fr-FR","potentialAction":[{"@type":"ReadAction","target":["https:\/\/tcdesabers.fr\/"]}]},{"@type":"BreadcrumbList","@id":"https:\/\/tcdesabers.fr\/#breadcrumb","itemListElement":[{"@type":"ListItem","position":1,"name":"Accueil","item":"https:\/\/tcdesabers.fr\/"},{"@type":"ListItem","position":2,"name":"LE TENNIS CLUB DES ABERS DE LANNILIS"}]}]}},"_links":{"self":[{"href":"https:\/\/tcdesabers.fr\/index.php\/wp-json\/wp\/v2\/pages\/2"}],"collection":[{"href":"https:\/\/tcdesabers.fr\/index.php\/wp-json\/wp\/v2\/pages"}],"about":[{"href":"https:\/\/tcdesabers.fr\/index.php\/wp-json\/wp\/v2\/types\/page"}],"author":[{"embeddable":true,"href":"https:\/\/tcdesabers.fr\/index.php\/wp-json\/wp\/v2\/users\/4"}],"replies":[{"embeddable":true,"href":"https:\/\/tcdesabers.fr\/index.php\/wp-json\/wp\/v2\/comments?post=2"}],"version-history":[{"count":60,"href":"https:\/\/tcdesabers.fr\/index.php\/wp-json\/wp\/v2\/pages\/2\/revisions"}],"predecessor-version":[{"id":710,"href":"https:\/\/tcdesabers.fr\/index.php\/wp-json\/wp\/v2\/pages\/2\/revisions\/710"}],"wp:attachment":[{"href":"https:\/\/tcdesabers.fr\/index.php\/wp-json\/wp\/v2\/media?parent=2"}],"curies":[{"name":"wp","href":"https:\/\/api.w.org\/{rel}","templated":true}]}}