{"id":282,"date":"2021-09-02T13:06:11","date_gmt":"2021-09-02T11:06:11","guid":{"rendered":"http:\/\/tcdesabers.fr\/?page_id=282"},"modified":"2021-09-16T23:25:40","modified_gmt":"2021-09-16T21:25:40","slug":"adhesion-tennis-club-abers-lannilis","status":"publish","type":"page","link":"https:\/\/tcdesabers.fr\/index.php\/adhesion-tennis-club-abers-lannilis\/","title":{"rendered":"adhesion au tennis club des abers de lannilis"},"content":{"rendered":"\n<p><a rel=\"noreferrer noopener\" href=\"https:\/\/tenup.fft.fr\/club\/52290020\/offres\/5\" target=\"_blank\">site ten up FFT <\/a>pour souscrire \u00e0 une formule en ligne.<\/p>\n\n\n\n<p>formulaire d&rsquo;informations \u00e0 remplir et envoyer par email :<\/p>\n\n\n\n<div class=\"wp-block-file\"><a href=\"http:\/\/tcdesabers.fr\/wp-content\/uploads\/2021\/09\/Fiche-Inscription-Tennis-21_22-1.pdf\" target=\"_blank\" rel=\"noreferrer noopener\">Fiche Inscription Tennis 21_22 (1)<\/a><a href=\"http:\/\/tcdesabers.fr\/wp-content\/uploads\/2021\/09\/Fiche-Inscription-Tennis-21_22-1.pdf\" class=\"wp-block-file__button\" download>T\u00e9l\u00e9charger<\/a><\/div>\n\n\n\n<p>Un certificat m\u00e9dical n&rsquo;est pas n\u00e9cessaire si vous en avez un de moins de 3 ans. Dans ce cas, le formulaire suivant est \u00e0 remplir :<\/p>\n\n\n\n<div class=\"wp-block-file\"><a href=\"https:\/\/tcdesabers.fr\/wp-content\/uploads\/2021\/09\/cerfa_15699-01.pdf\" target=\"_blank\" rel=\"noreferrer noopener\">cerfa_15699-01<\/a><a href=\"https:\/\/tcdesabers.fr\/wp-content\/uploads\/2021\/09\/cerfa_15699-01.pdf\" class=\"wp-block-file__button\" download>T\u00e9l\u00e9charger<\/a><\/div>\n","protected":false},"excerpt":{"rendered":"<p>site ten up FFT pour souscrire \u00e0 une formule en ligne. formulaire d&rsquo;informations \u00e0 remplir et envoyer par email : Un certificat m\u00e9dical n&rsquo;est pas n\u00e9cessaire si vous en avez un de moins de 3 ans. Dans ce cas, le formulaire suivant est \u00e0 remplir :<\/p>\n","protected":false},"author":1,"featured_media":0,"parent":0,"menu_order":0,"comment_status":"closed","ping_status":"closed","template":"","meta":[],"yoast_head":"<!-- This site is optimized with the Yoast SEO plugin v17.2 - https:\/\/yoast.com\/wordpress\/plugins\/seo\/ -->\n<title>adhesion au tennis club des abers de lannilis - Tennis Club des Abers \u00e0 Lannilis<\/title>\n<meta name=\"robots\" content=\"index, follow, max-snippet:-1, max-image-preview:large, max-video-preview:-1\" \/>\n<link rel=\"canonical\" href=\"https:\/\/tcdesabers.fr\/index.php\/adhesion-tennis-club-abers-lannilis\/\" \/>\n<meta property=\"og:locale\" content=\"fr_FR\" \/>\n<meta property=\"og:type\" content=\"article\" \/>\n<meta property=\"og:title\" content=\"adhesion au tennis club des abers de lannilis - Tennis Club des Abers \u00e0 Lannilis\" \/>\n<meta property=\"og:description\" content=\"site ten up FFT pour souscrire \u00e0 une formule en ligne. formulaire d&rsquo;informations \u00e0 remplir et envoyer par email : Un certificat m\u00e9dical n&rsquo;est pas n\u00e9cessaire si vous en avez un de moins de 3 ans. Dans ce cas, le formulaire suivant est \u00e0 remplir :\" \/>\n<meta property=\"og:url\" content=\"https:\/\/tcdesabers.fr\/index.php\/adhesion-tennis-club-abers-lannilis\/\" \/>\n<meta property=\"og:site_name\" content=\"Tennis Club des Abers \u00e0 Lannilis\" \/>\n<meta property=\"article:publisher\" content=\"https:\/\/www.facebook.com\/tcabers.tcabers\" \/>\n<meta property=\"article:modified_time\" content=\"2021-09-16T21:25:40+00:00\" \/>\n<meta name=\"twitter:card\" content=\"summary_large_image\" \/>\n<script type=\"application\/ld+json\" class=\"yoast-schema-graph\">{\"@context\":\"https:\/\/schema.org\",\"@graph\":[{\"@type\":\"Organization\",\"@id\":\"https:\/\/tcdesabers.fr\/#organization\",\"name\":\"tennis club des abers de lannilis\",\"url\":\"https:\/\/tcdesabers.fr\/\",\"sameAs\":[\"https:\/\/www.facebook.com\/tcabers.tcabers\",\"https:\/\/www.instagram.com\/tcdesabers\/\"],\"logo\":{\"@type\":\"ImageObject\",\"@id\":\"https:\/\/tcdesabers.fr\/#logo\",\"inLanguage\":\"fr-FR\",\"url\":\"https:\/\/tcdesabers.fr\/wp-content\/uploads\/2021\/09\/cropped-logo.texte_.grand_.noir_.png\",\"contentUrl\":\"https:\/\/tcdesabers.fr\/wp-content\/uploads\/2021\/09\/cropped-logo.texte_.grand_.noir_.png\",\"width\":2000,\"height\":1000,\"caption\":\"tennis club des abers de lannilis\"},\"image\":{\"@id\":\"https:\/\/tcdesabers.fr\/#logo\"}},{\"@type\":\"WebSite\",\"@id\":\"https:\/\/tcdesabers.fr\/#website\",\"url\":\"https:\/\/tcdesabers.fr\/\",\"name\":\"Tennis Club des Abers \\u00e0 Lannilis\",\"description\":\"\\u00a0\\u00a0\\u00a0\\u00a0\\u00a0\\u00a0\\u00a0\\u00a0\\u00a0\\u00a0Tennis Club des Abers de Lannilis\",\"publisher\":{\"@id\":\"https:\/\/tcdesabers.fr\/#organization\"},\"potentialAction\":[{\"@type\":\"SearchAction\",\"target\":{\"@type\":\"EntryPoint\",\"urlTemplate\":\"https:\/\/tcdesabers.fr\/?s={search_term_string}\"},\"query-input\":\"required name=search_term_string\"}],\"inLanguage\":\"fr-FR\"},{\"@type\":\"WebPage\",\"@id\":\"https:\/\/tcdesabers.fr\/index.php\/adhesion-tennis-club-abers-lannilis\/#webpage\",\"url\":\"https:\/\/tcdesabers.fr\/index.php\/adhesion-tennis-club-abers-lannilis\/\",\"name\":\"adhesion au tennis club des abers de lannilis - Tennis Club des Abers \\u00e0 Lannilis\",\"isPartOf\":{\"@id\":\"https:\/\/tcdesabers.fr\/#website\"},\"datePublished\":\"2021-09-02T11:06:11+00:00\",\"dateModified\":\"2021-09-16T21:25:40+00:00\",\"breadcrumb\":{\"@id\":\"https:\/\/tcdesabers.fr\/index.php\/adhesion-tennis-club-abers-lannilis\/#breadcrumb\"},\"inLanguage\":\"fr-FR\",\"potentialAction\":[{\"@type\":\"ReadAction\",\"target\":[\"https:\/\/tcdesabers.fr\/index.php\/adhesion-tennis-club-abers-lannilis\/\"]}]},{\"@type\":\"BreadcrumbList\",\"@id\":\"https:\/\/tcdesabers.fr\/index.php\/adhesion-tennis-club-abers-lannilis\/#breadcrumb\",\"itemListElement\":[{\"@type\":\"ListItem\",\"position\":1,\"name\":\"Accueil\",\"item\":\"https:\/\/tcdesabers.fr\/\"},{\"@type\":\"ListItem\",\"position\":2,\"name\":\"adhesion au tennis club des abers de lannilis\"}]}]}<\/script>\n<!-- \/ Yoast SEO plugin. -->","yoast_head_json":{"title":"adhesion au tennis club des abers de lannilis - Tennis Club des Abers \u00e0 Lannilis","robots":{"index":"index","follow":"follow","max-snippet":"max-snippet:-1","max-image-preview":"max-image-preview:large","max-video-preview":"max-video-preview:-1"},"canonical":"https:\/\/tcdesabers.fr\/index.php\/adhesion-tennis-club-abers-lannilis\/","og_locale":"fr_FR","og_type":"article","og_title":"adhesion au tennis club des abers de lannilis - Tennis Club des Abers \u00e0 Lannilis","og_description":"site ten up FFT pour souscrire \u00e0 une formule en ligne. formulaire d&rsquo;informations \u00e0 remplir et envoyer par email : Un certificat m\u00e9dical n&rsquo;est pas n\u00e9cessaire si vous en avez un de moins de 3 ans. Dans ce cas, le formulaire suivant est \u00e0 remplir :","og_url":"https:\/\/tcdesabers.fr\/index.php\/adhesion-tennis-club-abers-lannilis\/","og_site_name":"Tennis Club des Abers \u00e0 Lannilis","article_publisher":"https:\/\/www.facebook.com\/tcabers.tcabers","article_modified_time":"2021-09-16T21:25:40+00:00","twitter_card":"summary_large_image","schema":{"@context":"https:\/\/schema.org","@graph":[{"@type":"Organization","@id":"https:\/\/tcdesabers.fr\/#organization","name":"tennis club des abers de lannilis","url":"https:\/\/tcdesabers.fr\/","sameAs":["https:\/\/www.facebook.com\/tcabers.tcabers","https:\/\/www.instagram.com\/tcdesabers\/"],"logo":{"@type":"ImageObject","@id":"https:\/\/tcdesabers.fr\/#logo","inLanguage":"fr-FR","url":"https:\/\/tcdesabers.fr\/wp-content\/uploads\/2021\/09\/cropped-logo.texte_.grand_.noir_.png","contentUrl":"https:\/\/tcdesabers.fr\/wp-content\/uploads\/2021\/09\/cropped-logo.texte_.grand_.noir_.png","width":2000,"height":1000,"caption":"tennis club des abers de lannilis"},"image":{"@id":"https:\/\/tcdesabers.fr\/#logo"}},{"@type":"WebSite","@id":"https:\/\/tcdesabers.fr\/#website","url":"https:\/\/tcdesabers.fr\/","name":"Tennis Club des Abers \u00e0 Lannilis","description":"\u00a0\u00a0\u00a0\u00a0\u00a0\u00a0\u00a0\u00a0\u00a0\u00a0Tennis Club des Abers de Lannilis","publisher":{"@id":"https:\/\/tcdesabers.fr\/#organization"},"potentialAction":[{"@type":"SearchAction","target":{"@type":"EntryPoint","urlTemplate":"https:\/\/tcdesabers.fr\/?s={search_term_string}"},"query-input":"required name=search_term_string"}],"inLanguage":"fr-FR"},{"@type":"WebPage","@id":"https:\/\/tcdesabers.fr\/index.php\/adhesion-tennis-club-abers-lannilis\/#webpage","url":"https:\/\/tcdesabers.fr\/index.php\/adhesion-tennis-club-abers-lannilis\/","name":"adhesion au tennis club des abers de lannilis - Tennis Club des Abers \u00e0 Lannilis","isPartOf":{"@id":"https:\/\/tcdesabers.fr\/#website"},"datePublished":"2021-09-02T11:06:11+00:00","dateModified":"2021-09-16T21:25:40+00:00","breadcrumb":{"@id":"https:\/\/tcdesabers.fr\/index.php\/adhesion-tennis-club-abers-lannilis\/#breadcrumb"},"inLanguage":"fr-FR","potentialAction":[{"@type":"ReadAction","target":["https:\/\/tcdesabers.fr\/index.php\/adhesion-tennis-club-abers-lannilis\/"]}]},{"@type":"BreadcrumbList","@id":"https:\/\/tcdesabers.fr\/index.php\/adhesion-tennis-club-abers-lannilis\/#breadcrumb","itemListElement":[{"@type":"ListItem","position":1,"name":"Accueil","item":"https:\/\/tcdesabers.fr\/"},{"@type":"ListItem","position":2,"name":"adhesion au tennis club des abers de lannilis"}]}]}},"_links":{"self":[{"href":"https:\/\/tcdesabers.fr\/index.php\/wp-json\/wp\/v2\/pages\/282"}],"collection":[{"href":"https:\/\/tcdesabers.fr\/index.php\/wp-json\/wp\/v2\/pages"}],"about":[{"href":"https:\/\/tcdesabers.fr\/index.php\/wp-json\/wp\/v2\/types\/page"}],"author":[{"embeddable":true,"href":"https:\/\/tcdesabers.fr\/index.php\/wp-json\/wp\/v2\/users\/1"}],"replies":[{"embeddable":true,"href":"https:\/\/tcdesabers.fr\/index.php\/wp-json\/wp\/v2\/comments?post=282"}],"version-history":[{"count":8,"href":"https:\/\/tcdesabers.fr\/index.php\/wp-json\/wp\/v2\/pages\/282\/revisions"}],"predecessor-version":[{"id":441,"href":"https:\/\/tcdesabers.fr\/index.php\/wp-json\/wp\/v2\/pages\/282\/revisions\/441"}],"wp:attachment":[{"href":"https:\/\/tcdesabers.fr\/index.php\/wp-json\/wp\/v2\/media?parent=282"}],"curies":[{"name":"wp","href":"https:\/\/api.w.org\/{rel}","templated":true}]}}