{"id":458,"date":"2022-03-29T17:43:35","date_gmt":"2022-03-29T15:43:35","guid":{"rendered":"https:\/\/tcdesabers.fr\/?page_id=458"},"modified":"2024-01-16T14:33:11","modified_gmt":"2024-01-16T13:33:11","slug":"convocations","status":"publish","type":"page","link":"https:\/\/tcdesabers.fr\/index.php\/convocations\/","title":{"rendered":"Convocations"},"content":{"rendered":"\n<div class=\"wp-block-columns\">\n<div class=\"wp-block-column\" style=\"flex-basis:100%\"><\/div>\n<\/div>\n\n\n\n<h2>\u00c9quipe f\u00e9minine s\u00e9nior 1<\/h2>\n\n\n\n<figure class=\"wp-block-table is-style-stripes\"><table class=\"has-black-color has-accent-background-color has-text-color has-background\"><tbody><tr><td class=\"has-text-align-center\" data-align=\"center\"><strong>Journ\u00e9e<\/strong><\/td><td class=\"has-text-align-center\" data-align=\"center\"><strong>Date<\/strong><\/td><td class=\"has-text-align-center\" data-align=\"center\"><strong>\u00c9quipe<\/strong><\/td><td class=\"has-text-align-center\" data-align=\"center\"><strong>Location<\/strong><\/td><\/tr><tr><td class=\"has-text-align-center\" data-align=\"center\">1<\/td><td class=\"has-text-align-center\" data-align=\"center\">12\/11\/2023<\/td><td class=\"has-text-align-center\" data-align=\"center\">Plouenan-Taul\u00e9 Tennis Club 1<\/td><td class=\"has-text-align-center\" data-align=\"center\">Ext\u00e9rieur<\/td><\/tr><tr><td class=\"has-text-align-center\" data-align=\"center\">2<\/td><td class=\"has-text-align-center\" data-align=\"center\">26\/11\/2023<\/td><td class=\"has-text-align-center\" data-align=\"center\">Brest L\u00e9gion Saint Pierre 5<\/td><td class=\"has-text-align-center\" data-align=\"center\">Ext\u00e9rieur<\/td><\/tr><tr><td class=\"has-text-align-center\" data-align=\"center\">3<\/td><td class=\"has-text-align-center\" data-align=\"center\">10\/12\/2023<\/td><td class=\"has-text-align-center\" data-align=\"center\">Guilers Tennis Club 2<\/td><td class=\"has-text-align-center\" data-align=\"center\">Domicile<\/td><\/tr><tr><td class=\"has-text-align-center\" data-align=\"center\">4<\/td><td class=\"has-text-align-center\" data-align=\"center\">14\/01\/2024<\/td><td class=\"has-text-align-center\" data-align=\"center\">Plouzan\u00e9 Tennis Club 1<\/td><td class=\"has-text-align-center\" data-align=\"center\">Domicile<\/td><\/tr><tr><td class=\"has-text-align-center\" data-align=\"center\">5<\/td><td class=\"has-text-align-center\" data-align=\"center\">28\/01\/2024<\/td><td class=\"has-text-align-center\" data-align=\"center\">Le Faou Tennis Club 1<\/td><td class=\"has-text-align-center\" data-align=\"center\">Ext\u00e9rieur<\/td><\/tr><tr><td class=\"has-text-align-center\" data-align=\"center\">6<\/td><td class=\"has-text-align-center\" data-align=\"center\">11\/02\/2024<\/td><td class=\"has-text-align-center\" data-align=\"center\">Plabennec Tennis Club 3<\/td><td class=\"has-text-align-center\" data-align=\"center\">Ext\u00e9rieur<\/td><\/tr><tr><td class=\"has-text-align-center\" data-align=\"center\">7<\/td><td class=\"has-text-align-center\" data-align=\"center\">17\/03\/2024<\/td><td class=\"has-text-align-center\" data-align=\"center\">Porspoder Tennis Club 4<\/td><td class=\"has-text-align-center\" data-align=\"center\">Domicile<\/td><\/tr><\/tbody><\/table><\/figure>\n\n\n\n<h2>\u00c9quipe masculine s\u00e9nior 1<\/h2>\n\n\n\n<figure class=\"wp-block-table is-style-stripes\"><table class=\"has-black-color has-accent-background-color has-text-color has-background\"><tbody><tr><td class=\"has-text-align-center\" data-align=\"center\"><strong>Journ\u00e9e<\/strong><\/td><td class=\"has-text-align-center\" data-align=\"center\"><strong>Date<\/strong><\/td><td class=\"has-text-align-center\" data-align=\"center\"><strong>\u00c9quipe<\/strong><\/td><td class=\"has-text-align-center\" data-align=\"center\"><strong>Location<\/strong><\/td><\/tr><tr><td class=\"has-text-align-center\" data-align=\"center\">1<\/td><td class=\"has-text-align-center\" data-align=\"center\">19\/11\/2023<\/td><td class=\"has-text-align-center\" data-align=\"center\"> Plouguerneau Tennis Club <\/td><td class=\"has-text-align-center\" data-align=\"center\"> Domicile<\/td><\/tr><tr><td class=\"has-text-align-center\" data-align=\"center\">2<\/td><td class=\"has-text-align-center\" data-align=\"center\">03\/12\/2023<\/td><td class=\"has-text-align-center\" data-align=\"center\"> Ploudalmezeau TC Arzelliz 1<\/td><td class=\"has-text-align-center\" data-align=\"center\">Ext\u00e9rieur<\/td><\/tr><tr><td class=\"has-text-align-center\" data-align=\"center\">3<\/td><td class=\"has-text-align-center\" data-align=\"center\">17\/12\/2023<\/td><td class=\"has-text-align-center\" data-align=\"center\">Phare Ouest Tennis Club<\/td><td class=\"has-text-align-center\" data-align=\"center\">Domicile<\/td><\/tr><tr><td class=\"has-text-align-center\" data-align=\"center\">4<\/td><td class=\"has-text-align-center\" data-align=\"center\">21\/01\/2024<\/td><td class=\"has-text-align-center\" data-align=\"center\">Saint Renan Tennis Club 5<\/td><td class=\"has-text-align-center\" data-align=\"center\">Ext\u00e9rieur<\/td><\/tr><tr><td class=\"has-text-align-center\" data-align=\"center\">5<\/td><td class=\"has-text-align-center\" data-align=\"center\">04\/02\/2024<\/td><td class=\"has-text-align-center\" data-align=\"center\">Le Conquet Tennis Club 1<\/td><td class=\"has-text-align-center\" data-align=\"center\">Ext\u00e9rieur<\/td><\/tr><tr><td class=\"has-text-align-center\" data-align=\"center\">6<\/td><td class=\"has-text-align-center\" data-align=\"center\">18\/02\/2024<\/td><td class=\"has-text-align-center\" data-align=\"center\">Saint Pabu \/ Plouguin TC 2<\/td><td class=\"has-text-align-center\" data-align=\"center\">Domicile<\/td><\/tr><tr><td class=\"has-text-align-center\" data-align=\"center\">7<\/td><td class=\"has-text-align-center\" data-align=\"center\">24\/03\/2024<\/td><td class=\"has-text-align-center\" data-align=\"center\">Porspoder Tennis Club 5<\/td><td class=\"has-text-align-center\" data-align=\"center\">Domicile<\/td><\/tr><\/tbody><\/table><\/figure>\n\n\n\n<h2>\u00c9quipe masculine s\u00e9nior 2<\/h2>\n\n\n\n<figure class=\"wp-block-table is-style-stripes\"><table class=\"has-black-color has-accent-background-color has-text-color has-background\"><tbody><tr><td class=\"has-text-align-center\" data-align=\"center\"><strong>Journ\u00e9e<\/strong><\/td><td class=\"has-text-align-center\" data-align=\"center\"><strong>Date<\/strong><\/td><td class=\"has-text-align-center\" data-align=\"center\"><strong>\u00c9quipe<\/strong><\/td><td class=\"has-text-align-center\" data-align=\"center\"><strong>Location<\/strong><\/td><\/tr><tr><td class=\"has-text-align-center\" data-align=\"center\">1<\/td><td class=\"has-text-align-center\" data-align=\"center\">19\/11\/2023<\/td><td class=\"has-text-align-center\" data-align=\"center\">Locmaria Plouzan\u00e9 ES 2<\/td><td class=\"has-text-align-center\" data-align=\"center\"> Ext\u00e9rieur<\/td><\/tr><tr><td class=\"has-text-align-center\" data-align=\"center\">2<\/td><td class=\"has-text-align-center\" data-align=\"center\">03\/12\/2023<\/td><td class=\"has-text-align-center\" data-align=\"center\">Ploudalmezeau TC Arzelliz 2<\/td><td class=\"has-text-align-center\" data-align=\"center\">Domicile<\/td><\/tr><tr><td class=\"has-text-align-center\" data-align=\"center\">3<\/td><td class=\"has-text-align-center\" data-align=\"center\">17\/12\/2023<\/td><td class=\"has-text-align-center\" data-align=\"center\">Plabennec Tennis Club 5<\/td><td class=\"has-text-align-center\" data-align=\"center\">Ext\u00e9rieur<\/td><\/tr><tr><td class=\"has-text-align-center\" data-align=\"center\">4<\/td><td class=\"has-text-align-center\" data-align=\"center\">21\/01\/2024<\/td><td class=\"has-text-align-center\" data-align=\"center\">Plouguerneau Tennis Club<\/td><td class=\"has-text-align-center\" data-align=\"center\">Domicile<\/td><\/tr><tr><td class=\"has-text-align-center\" data-align=\"center\">5<\/td><td class=\"has-text-align-center\" data-align=\"center\">04\/02\/2024<\/td><td class=\"has-text-align-center\" data-align=\"center\">TC Blanc Bourgeois 1<\/td><td class=\"has-text-align-center\" data-align=\"center\">Domicile<\/td><\/tr><tr><td class=\"has-text-align-center\" data-align=\"center\">6<\/td><td class=\"has-text-align-center\" data-align=\"center\">18\/02\/2024<\/td><td class=\"has-text-align-center\" data-align=\"center\">Guilers Tennis Club 6<\/td><td class=\"has-text-align-center\" data-align=\"center\">Ext\u00e9rieur<\/td><\/tr><tr><td class=\"has-text-align-center\" data-align=\"center\">7<\/td><td class=\"has-text-align-center\" data-align=\"center\">24\/03\/2024<\/td><td class=\"has-text-align-center\" data-align=\"center\"> Saint Pabu \/ Plouguin TC 3<\/td><td class=\"has-text-align-center\" data-align=\"center\">Ext\u00e9rieur<\/td><\/tr><\/tbody><\/table><\/figure>\n\n\n\n<h2>\u00c9quipe gar\u00e7ons 11\/12 ans<\/h2>\n\n\n\n<figure class=\"wp-block-table is-style-stripes\"><table class=\"has-black-color has-accent-background-color has-text-color has-background\"><tbody><tr><td class=\"has-text-align-center\" data-align=\"center\"><strong>Journ\u00e9e<\/strong><\/td><td class=\"has-text-align-center\" data-align=\"center\"><strong>Date<\/strong><\/td><td class=\"has-text-align-center\" data-align=\"center\"><strong>\u00c9quipe<\/strong><\/td><td class=\"has-text-align-center\" data-align=\"center\"><strong>Location<\/strong><\/td><\/tr><tr><td class=\"has-text-align-center\" data-align=\"center\">1<\/td><td class=\"has-text-align-center\" data-align=\"center\">09\/12\/2023<\/td><td class=\"has-text-align-center\" data-align=\"center\">Plouzan\u00e9 Tennis Club 1<\/td><td class=\"has-text-align-center\" data-align=\"center\"> Domicile<\/td><\/tr><tr><td class=\"has-text-align-center\" data-align=\"center\">2<\/td><td class=\"has-text-align-center\" data-align=\"center\">13\/01\/2024<\/td><td class=\"has-text-align-center\" data-align=\"center\">Plouedern Tennis Club 1<\/td><td class=\"has-text-align-center\" data-align=\"center\">Ext\u00e9rieur<\/td><\/tr><tr><td class=\"has-text-align-center\" data-align=\"center\">3<\/td><td class=\"has-text-align-center\" data-align=\"center\">27\/01\/2024<\/td><td class=\"has-text-align-center\" data-align=\"center\">Comit\u00e9 Finist\u00e8re 3<\/td><td class=\"has-text-align-center\" data-align=\"center\">Domicile<\/td><\/tr><tr><td class=\"has-text-align-center\" data-align=\"center\">4<\/td><td class=\"has-text-align-center\" data-align=\"center\">10\/02\/2024<\/td><td class=\"has-text-align-center\" data-align=\"center\">Loperhet Tennis Club 1<\/td><td class=\"has-text-align-center\" data-align=\"center\">Ext\u00e9rieur<\/td><\/tr><tr><td class=\"has-text-align-center\" data-align=\"center\">5<\/td><td class=\"has-text-align-center\" data-align=\"center\">16\/03\/2024<\/td><td class=\"has-text-align-center\" data-align=\"center\">Saint Renan Tennis Club 1<\/td><td class=\"has-text-align-center\" data-align=\"center\">Ext\u00e9rieur<\/td><\/tr><\/tbody><\/table><\/figure>\n\n\n\n<h2>\u00c9quipe gar\u00e7ons 13\/14 ans<\/h2>\n\n\n\n<figure class=\"wp-block-table is-style-stripes\"><table class=\"has-black-color has-accent-background-color has-text-color has-background\"><tbody><tr><td class=\"has-text-align-center\" data-align=\"center\"><strong>Journ\u00e9e<\/strong><\/td><td class=\"has-text-align-center\" data-align=\"center\"><strong>Date<\/strong><\/td><td class=\"has-text-align-center\" data-align=\"center\"><strong>\u00c9quipe<\/strong><\/td><td class=\"has-text-align-center\" data-align=\"center\"><strong>Location<\/strong><\/td><\/tr><tr><td class=\"has-text-align-center\" data-align=\"center\">1<\/td><td class=\"has-text-align-center\" data-align=\"center\">09\/12\/2023<\/td><td class=\"has-text-align-center\" data-align=\"center\">Saint Renan Tennis Club 1<\/td><td class=\"has-text-align-center\" data-align=\"center\"> Ext\u00e9rieur<\/td><\/tr><tr><td class=\"has-text-align-center\" data-align=\"center\">2<\/td><td class=\"has-text-align-center\" data-align=\"center\">13\/01\/2024<\/td><td class=\"has-text-align-center\" data-align=\"center\">Plougastel Daoulas TC 1<\/td><td class=\"has-text-align-center\" data-align=\"center\">Domicile<\/td><\/tr><tr><td class=\"has-text-align-center\" data-align=\"center\">3<\/td><td class=\"has-text-align-center\" data-align=\"center\">27\/01\/2024<\/td><td class=\"has-text-align-center\" data-align=\"center\">Crozon Tennis Club 1<\/td><td class=\"has-text-align-center\" data-align=\"center\">Ext\u00e9rieur<\/td><\/tr><tr><td class=\"has-text-align-center\" data-align=\"center\">4<\/td><td class=\"has-text-align-center\" data-align=\"center\">10\/02\/2024<\/td><td class=\"has-text-align-center\" data-align=\"center\">Saint Renan Tennis Club 1<\/td><td class=\"has-text-align-center\" data-align=\"center\">Domicile<\/td><\/tr><tr><td class=\"has-text-align-center\" data-align=\"center\">5<\/td><td class=\"has-text-align-center\" data-align=\"center\">16\/03\/2024<\/td><td class=\"has-text-align-center\" data-align=\"center\"> Plougastel Daoulas TC 1 <\/td><td class=\"has-text-align-center\" data-align=\"center\">Ext\u00e9rieur<\/td><\/tr><tr><td class=\"has-text-align-center\" data-align=\"center\">6<\/td><td class=\"has-text-align-center\" data-align=\"center\">30\/03\/2024<\/td><td class=\"has-text-align-center\" data-align=\"center\"> Crozon Tennis Club 1 <\/td><td class=\"has-text-align-center\" data-align=\"center\">Domicile<\/td><\/tr><\/tbody><\/table><\/figure>\n\n\n\n<h2>\u00c9quipe filles 11\/12 ans<\/h2>\n\n\n\n<figure class=\"wp-block-table is-style-stripes\"><table class=\"has-black-color has-accent-background-color has-text-color has-background\"><tbody><tr><td class=\"has-text-align-center\" data-align=\"center\"><strong>Journ\u00e9e<\/strong><\/td><td class=\"has-text-align-center\" data-align=\"center\"><strong>Date<\/strong><\/td><td class=\"has-text-align-center\" data-align=\"center\"><strong>\u00c9quipe<\/strong><\/td><td class=\"has-text-align-center\" data-align=\"center\"><strong>Location<\/strong><\/td><\/tr><tr><td class=\"has-text-align-center\" data-align=\"center\">1<\/td><td class=\"has-text-align-center\" data-align=\"center\">16\/12\/2023<\/td><td class=\"has-text-align-center\" data-align=\"center\">Moelan sur Mer TC 1<\/td><td class=\"has-text-align-center\" data-align=\"center\"> Domicile<\/td><\/tr><tr><td class=\"has-text-align-center\" data-align=\"center\">2<\/td><td class=\"has-text-align-center\" data-align=\"center\">20\/01\/2024<\/td><td class=\"has-text-align-center\" data-align=\"center\">Quimperl\u00e9 Tennis Club 1<\/td><td class=\"has-text-align-center\" data-align=\"center\">Ext\u00e9rieur<\/td><\/tr><tr><td class=\"has-text-align-center\" data-align=\"center\">3<\/td><td class=\"has-text-align-center\" data-align=\"center\">03\/02\/2024<\/td><td class=\"has-text-align-center\" data-align=\"center\">Gouesnou Tennis Club 1<\/td><td class=\"has-text-align-center\" data-align=\"center\">Domicile<\/td><\/tr><tr><td class=\"has-text-align-center\" data-align=\"center\">4<\/td><td class=\"has-text-align-center\" data-align=\"center\">17\/02\/2024<\/td><td class=\"has-text-align-center\" data-align=\"center\">Landerneau Tennis Club 1<\/td><td class=\"has-text-align-center\" data-align=\"center\">Domicile<\/td><\/tr><tr><td class=\"has-text-align-center\" data-align=\"center\">5<\/td><td class=\"has-text-align-center\" data-align=\"center\">23\/03\/2024<\/td><td class=\"has-text-align-center\" data-align=\"center\">Plouedern Tennis Club 1<\/td><td class=\"has-text-align-center\" data-align=\"center\">Ext\u00e9rieur<\/td><\/tr><\/tbody><\/table><\/figure>\n","protected":false},"excerpt":{"rendered":"<p>\u00c9quipe f\u00e9minine s\u00e9nior 1 Journ\u00e9e Date \u00c9quipe Location 1 12\/11\/2023 Plouenan-Taul\u00e9 Tennis Club 1 Ext\u00e9rieur 2 26\/11\/2023 Brest L\u00e9gion Saint Pierre 5 Ext\u00e9rieur 3 10\/12\/2023 Guilers Tennis Club 2 Domicile 4 14\/01\/2024 Plouzan\u00e9 Tennis Club 1 Domicile 5 28\/01\/2024 Le Faou Tennis Club 1 Ext\u00e9rieur 6 11\/02\/2024 Plabennec Tennis Club 3 Ext\u00e9rieur 7 17\/03\/2024 Porspoder [&hellip;]<\/p>\n","protected":false},"author":4,"featured_media":0,"parent":0,"menu_order":0,"comment_status":"closed","ping_status":"closed","template":"","meta":[],"yoast_head":"<!-- This site is optimized with the Yoast SEO plugin v17.2 - https:\/\/yoast.com\/wordpress\/plugins\/seo\/ -->\n<title>Convocations - Tennis Club des Abers \u00e0 Lannilis<\/title>\n<meta name=\"robots\" content=\"index, follow, max-snippet:-1, max-image-preview:large, max-video-preview:-1\" \/>\n<link rel=\"canonical\" href=\"https:\/\/tcdesabers.fr\/index.php\/convocations\/\" \/>\n<meta property=\"og:locale\" content=\"fr_FR\" \/>\n<meta property=\"og:type\" content=\"article\" \/>\n<meta property=\"og:title\" content=\"Convocations - Tennis Club des Abers \u00e0 Lannilis\" \/>\n<meta property=\"og:description\" content=\"\u00c9quipe f\u00e9minine s\u00e9nior 1 Journ\u00e9e Date \u00c9quipe Location 1 12\/11\/2023 Plouenan-Taul\u00e9 Tennis Club 1 Ext\u00e9rieur 2 26\/11\/2023 Brest L\u00e9gion Saint Pierre 5 Ext\u00e9rieur 3 10\/12\/2023 Guilers Tennis Club 2 Domicile 4 14\/01\/2024 Plouzan\u00e9 Tennis Club 1 Domicile 5 28\/01\/2024 Le Faou Tennis Club 1 Ext\u00e9rieur 6 11\/02\/2024 Plabennec Tennis Club 3 Ext\u00e9rieur 7 17\/03\/2024 Porspoder [&hellip;]\" \/>\n<meta property=\"og:url\" content=\"https:\/\/tcdesabers.fr\/index.php\/convocations\/\" \/>\n<meta property=\"og:site_name\" content=\"Tennis Club des Abers \u00e0 Lannilis\" \/>\n<meta property=\"article:publisher\" content=\"https:\/\/www.facebook.com\/tcabers.tcabers\" \/>\n<meta property=\"article:modified_time\" content=\"2024-01-16T13:33:11+00:00\" \/>\n<meta name=\"twitter:card\" content=\"summary_large_image\" \/>\n<meta name=\"twitter:label1\" content=\"Dur\u00e9e de lecture est.\" \/>\n\t<meta name=\"twitter:data1\" content=\"2 minutes\" \/>\n<script type=\"application\/ld+json\" class=\"yoast-schema-graph\">{\"@context\":\"https:\/\/schema.org\",\"@graph\":[{\"@type\":\"Organization\",\"@id\":\"https:\/\/tcdesabers.fr\/#organization\",\"name\":\"tennis club des abers de lannilis\",\"url\":\"https:\/\/tcdesabers.fr\/\",\"sameAs\":[\"https:\/\/www.facebook.com\/tcabers.tcabers\",\"https:\/\/www.instagram.com\/tcdesabers\/\"],\"logo\":{\"@type\":\"ImageObject\",\"@id\":\"https:\/\/tcdesabers.fr\/#logo\",\"inLanguage\":\"fr-FR\",\"url\":\"https:\/\/tcdesabers.fr\/wp-content\/uploads\/2021\/09\/cropped-logo.texte_.grand_.noir_.png\",\"contentUrl\":\"https:\/\/tcdesabers.fr\/wp-content\/uploads\/2021\/09\/cropped-logo.texte_.grand_.noir_.png\",\"width\":2000,\"height\":1000,\"caption\":\"tennis club des abers de lannilis\"},\"image\":{\"@id\":\"https:\/\/tcdesabers.fr\/#logo\"}},{\"@type\":\"WebSite\",\"@id\":\"https:\/\/tcdesabers.fr\/#website\",\"url\":\"https:\/\/tcdesabers.fr\/\",\"name\":\"Tennis Club des Abers \\u00e0 Lannilis\",\"description\":\"\\u00a0\\u00a0\\u00a0\\u00a0\\u00a0\\u00a0\\u00a0\\u00a0\\u00a0\\u00a0Tennis Club des Abers de Lannilis\",\"publisher\":{\"@id\":\"https:\/\/tcdesabers.fr\/#organization\"},\"potentialAction\":[{\"@type\":\"SearchAction\",\"target\":{\"@type\":\"EntryPoint\",\"urlTemplate\":\"https:\/\/tcdesabers.fr\/?s={search_term_string}\"},\"query-input\":\"required name=search_term_string\"}],\"inLanguage\":\"fr-FR\"},{\"@type\":\"WebPage\",\"@id\":\"https:\/\/tcdesabers.fr\/index.php\/convocations\/#webpage\",\"url\":\"https:\/\/tcdesabers.fr\/index.php\/convocations\/\",\"name\":\"Convocations - Tennis Club des Abers \\u00e0 Lannilis\",\"isPartOf\":{\"@id\":\"https:\/\/tcdesabers.fr\/#website\"},\"datePublished\":\"2022-03-29T15:43:35+00:00\",\"dateModified\":\"2024-01-16T13:33:11+00:00\",\"breadcrumb\":{\"@id\":\"https:\/\/tcdesabers.fr\/index.php\/convocations\/#breadcrumb\"},\"inLanguage\":\"fr-FR\",\"potentialAction\":[{\"@type\":\"ReadAction\",\"target\":[\"https:\/\/tcdesabers.fr\/index.php\/convocations\/\"]}]},{\"@type\":\"BreadcrumbList\",\"@id\":\"https:\/\/tcdesabers.fr\/index.php\/convocations\/#breadcrumb\",\"itemListElement\":[{\"@type\":\"ListItem\",\"position\":1,\"name\":\"Accueil\",\"item\":\"https:\/\/tcdesabers.fr\/\"},{\"@type\":\"ListItem\",\"position\":2,\"name\":\"Convocations\"}]}]}<\/script>\n<!-- \/ Yoast SEO plugin. -->","yoast_head_json":{"title":"Convocations - Tennis Club des Abers \u00e0 Lannilis","robots":{"index":"index","follow":"follow","max-snippet":"max-snippet:-1","max-image-preview":"max-image-preview:large","max-video-preview":"max-video-preview:-1"},"canonical":"https:\/\/tcdesabers.fr\/index.php\/convocations\/","og_locale":"fr_FR","og_type":"article","og_title":"Convocations - Tennis Club des Abers \u00e0 Lannilis","og_description":"\u00c9quipe f\u00e9minine s\u00e9nior 1 Journ\u00e9e Date \u00c9quipe Location 1 12\/11\/2023 Plouenan-Taul\u00e9 Tennis Club 1 Ext\u00e9rieur 2 26\/11\/2023 Brest L\u00e9gion Saint Pierre 5 Ext\u00e9rieur 3 10\/12\/2023 Guilers Tennis Club 2 Domicile 4 14\/01\/2024 Plouzan\u00e9 Tennis Club 1 Domicile 5 28\/01\/2024 Le Faou Tennis Club 1 Ext\u00e9rieur 6 11\/02\/2024 Plabennec Tennis Club 3 Ext\u00e9rieur 7 17\/03\/2024 Porspoder [&hellip;]","og_url":"https:\/\/tcdesabers.fr\/index.php\/convocations\/","og_site_name":"Tennis Club des Abers \u00e0 Lannilis","article_publisher":"https:\/\/www.facebook.com\/tcabers.tcabers","article_modified_time":"2024-01-16T13:33:11+00:00","twitter_card":"summary_large_image","twitter_misc":{"Dur\u00e9e de lecture est.":"2 minutes"},"schema":{"@context":"https:\/\/schema.org","@graph":[{"@type":"Organization","@id":"https:\/\/tcdesabers.fr\/#organization","name":"tennis club des abers de lannilis","url":"https:\/\/tcdesabers.fr\/","sameAs":["https:\/\/www.facebook.com\/tcabers.tcabers","https:\/\/www.instagram.com\/tcdesabers\/"],"logo":{"@type":"ImageObject","@id":"https:\/\/tcdesabers.fr\/#logo","inLanguage":"fr-FR","url":"https:\/\/tcdesabers.fr\/wp-content\/uploads\/2021\/09\/cropped-logo.texte_.grand_.noir_.png","contentUrl":"https:\/\/tcdesabers.fr\/wp-content\/uploads\/2021\/09\/cropped-logo.texte_.grand_.noir_.png","width":2000,"height":1000,"caption":"tennis club des abers de lannilis"},"image":{"@id":"https:\/\/tcdesabers.fr\/#logo"}},{"@type":"WebSite","@id":"https:\/\/tcdesabers.fr\/#website","url":"https:\/\/tcdesabers.fr\/","name":"Tennis Club des Abers \u00e0 Lannilis","description":"\u00a0\u00a0\u00a0\u00a0\u00a0\u00a0\u00a0\u00a0\u00a0\u00a0Tennis Club des Abers de Lannilis","publisher":{"@id":"https:\/\/tcdesabers.fr\/#organization"},"potentialAction":[{"@type":"SearchAction","target":{"@type":"EntryPoint","urlTemplate":"https:\/\/tcdesabers.fr\/?s={search_term_string}"},"query-input":"required name=search_term_string"}],"inLanguage":"fr-FR"},{"@type":"WebPage","@id":"https:\/\/tcdesabers.fr\/index.php\/convocations\/#webpage","url":"https:\/\/tcdesabers.fr\/index.php\/convocations\/","name":"Convocations - Tennis Club des Abers \u00e0 Lannilis","isPartOf":{"@id":"https:\/\/tcdesabers.fr\/#website"},"datePublished":"2022-03-29T15:43:35+00:00","dateModified":"2024-01-16T13:33:11+00:00","breadcrumb":{"@id":"https:\/\/tcdesabers.fr\/index.php\/convocations\/#breadcrumb"},"inLanguage":"fr-FR","potentialAction":[{"@type":"ReadAction","target":["https:\/\/tcdesabers.fr\/index.php\/convocations\/"]}]},{"@type":"BreadcrumbList","@id":"https:\/\/tcdesabers.fr\/index.php\/convocations\/#breadcrumb","itemListElement":[{"@type":"ListItem","position":1,"name":"Accueil","item":"https:\/\/tcdesabers.fr\/"},{"@type":"ListItem","position":2,"name":"Convocations"}]}]}},"_links":{"self":[{"href":"https:\/\/tcdesabers.fr\/index.php\/wp-json\/wp\/v2\/pages\/458"}],"collection":[{"href":"https:\/\/tcdesabers.fr\/index.php\/wp-json\/wp\/v2\/pages"}],"about":[{"href":"https:\/\/tcdesabers.fr\/index.php\/wp-json\/wp\/v2\/types\/page"}],"author":[{"embeddable":true,"href":"https:\/\/tcdesabers.fr\/index.php\/wp-json\/wp\/v2\/users\/4"}],"replies":[{"embeddable":true,"href":"https:\/\/tcdesabers.fr\/index.php\/wp-json\/wp\/v2\/comments?post=458"}],"version-history":[{"count":16,"href":"https:\/\/tcdesabers.fr\/index.php\/wp-json\/wp\/v2\/pages\/458\/revisions"}],"predecessor-version":[{"id":687,"href":"https:\/\/tcdesabers.fr\/index.php\/wp-json\/wp\/v2\/pages\/458\/revisions\/687"}],"wp:attachment":[{"href":"https:\/\/tcdesabers.fr\/index.php\/wp-json\/wp\/v2\/media?parent=458"}],"curies":[{"name":"wp","href":"https:\/\/api.w.org\/{rel}","templated":true}]}}