{"id":47,"date":"2021-08-25T23:17:43","date_gmt":"2021-08-25T21:17:43","guid":{"rendered":"http:\/\/tcdesabers.fr\/?page_id=47"},"modified":"2021-09-16T23:32:21","modified_gmt":"2021-09-16T21:32:21","slug":"les-tarifs-tennis-club-abers-lannilis","status":"publish","type":"page","link":"https:\/\/tcdesabers.fr\/index.php\/les-tarifs-tennis-club-abers-lannilis\/","title":{"rendered":"Les tarifs du tennis club des abers de lannilis"},"content":{"rendered":"\n<figure class=\"wp-block-image\"><img src=\"http:\/\/tcdesabers.fr\/wp-content\/uploads\/2021\/08\/20210824_121330-1024x498.jpg\" alt=\"\"\/><\/figure>\n\n\n\n<p>Plusieurs formules d&rsquo;adh\u00e9sion sont disponibles en fonction des cat\u00e9gories d&rsquo;\u00e2ge. L&rsquo;adh\u00e9sion loisirs donne le droit d&rsquo;acc\u00e8s aux 2 cours du tennis club. L&rsquo;adh\u00e9sion comp\u00e9tition permet en plus de participer aux comp\u00e9titions par \u00e9quipe. Les enfants peuvent participer aux comp\u00e9titions.<\/p>\n\n\n\n<figure class=\"wp-block-table is-style-stripes\"><table><thead><tr><th>Adh\u00e9sions<\/th><th class=\"has-text-align-right\" data-align=\"right\">Prix<\/th><\/tr><\/thead><tbody><tr><td>ADULTES LOISIRS<\/td><td class=\"has-text-align-right\" data-align=\"right\">85<\/td><\/tr><tr><td>ADULTES COMPETITION<\/td><td class=\"has-text-align-right\" data-align=\"right\">105<\/td><\/tr><tr><td>ETUDIANTS LOISIRS<\/td><td class=\"has-text-align-right\" data-align=\"right\">75<\/td><\/tr><tr><td>ETUDIANTS COMPETITION<\/td><td class=\"has-text-align-right\" data-align=\"right\">95<\/td><\/tr><tr><td>ENFANTS<\/td><td class=\"has-text-align-right\" data-align=\"right\">65<\/td><\/tr><\/tbody><\/table><\/figure>\n\n\n\n<p>Au niveau des cours il existe la possibilit\u00e9s de prendre 1h par semaine (sur 25 semaines de cours) ou 2h (sous r\u00e9serve de disponibilit\u00e9s).<\/p>\n\n\n\n<p>Des cr\u00e9neaux de cours sont ouverts les mardi soir, vendredi soir, samedi apr\u00e8s-midi ainsi que le samedi matin pour les plus jeunes.<\/p>\n\n\n\n<figure class=\"wp-block-table\"><table><thead><tr><th>Cours<\/th><th class=\"has-text-align-right\" data-align=\"right\">Prix<\/th><\/tr><\/thead><tbody><tr><td>ADULTES 1H<\/td><td class=\"has-text-align-right\" data-align=\"right\">190<\/td><\/tr><tr><td>ADULTES 2H<\/td><td class=\"has-text-align-right\" data-align=\"right\">300<\/td><\/tr><tr><td>ETUDIANTS 1H<\/td><td class=\"has-text-align-right\" data-align=\"right\">160<\/td><\/tr><tr><td>ETUDIANTS 2H<\/td><td class=\"has-text-align-right\" data-align=\"right\">250<\/td><\/tr><tr><td>ENFANTS 1H<\/td><td class=\"has-text-align-right\" data-align=\"right\">140<\/td><\/tr><tr><td>ENFANTS 2H<\/td><td class=\"has-text-align-right\" data-align=\"right\">220<\/td><\/tr><\/tbody><\/table><\/figure>\n\n\n\n<h2 class=\"has-text-align-center\">REMISES<\/h2>\n\n\n\n<p>Des remises d&rsquo;appliquent pour les familles :<\/p>\n\n\n\n<ul><li>25\u20ac (et 1 boite de balles) pour la souscription de 2 cours<\/li><li>50\u20ac (et 3 boite de balles) pour la souscription de 3 cours<\/li><li>1 boite de balle pour 2 adh\u00e9sions<\/li><li>3 boites de balles pour 3 adh\u00e9sions<\/li><\/ul>\n\n\n\n<h2 class=\"has-text-align-center\">OPERATION 1000 RAQUETTES<\/h2>\n\n\n\n<p>Pour chaque nouvel adh\u00e9rent \u00e2g\u00e9 entre 5 et 10 ans et pour sa 1ere licence FFT, une raquette est offerte par la f\u00e9d\u00e9ration. Le club vous donnera un bon pour r\u00e9cup\u00e9rer une raquette \u00e0 INTERPSORT BREST le 25 Septembre apr\u00e8s-midi (14-18h).<\/p>\n\n\n\n<figure class=\"wp-block-image size-large\"><img loading=\"lazy\" width=\"608\" height=\"815\" src=\"http:\/\/tcdesabers.fr\/wp-content\/uploads\/2021\/09\/1000.jpg\" alt=\"\" class=\"wp-image-300\" srcset=\"https:\/\/tcdesabers.fr\/wp-content\/uploads\/2021\/09\/1000.jpg 608w, https:\/\/tcdesabers.fr\/wp-content\/uploads\/2021\/09\/1000-224x300.jpg 224w, https:\/\/tcdesabers.fr\/wp-content\/uploads\/2021\/09\/1000-508x681.jpg 508w\" sizes=\"(max-width: 608px) 100vw, 608px\" \/><\/figure>\n","protected":false},"excerpt":{"rendered":"<p>Plusieurs formules d&rsquo;adh\u00e9sion sont disponibles en fonction des cat\u00e9gories d&rsquo;\u00e2ge. L&rsquo;adh\u00e9sion loisirs donne le droit d&rsquo;acc\u00e8s aux 2 cours du tennis club. L&rsquo;adh\u00e9sion comp\u00e9tition permet en plus de participer aux comp\u00e9titions par \u00e9quipe. Les enfants peuvent participer aux comp\u00e9titions. Adh\u00e9sions Prix ADULTES LOISIRS 85 ADULTES COMPETITION 105 ETUDIANTS LOISIRS 75 ETUDIANTS COMPETITION 95 ENFANTS 65 [&hellip;]<\/p>\n","protected":false},"author":1,"featured_media":0,"parent":0,"menu_order":0,"comment_status":"closed","ping_status":"closed","template":"","meta":[],"yoast_head":"<!-- This site is optimized with the Yoast SEO plugin v17.2 - https:\/\/yoast.com\/wordpress\/plugins\/seo\/ -->\n<title>Les tarifs du tennis club des abers de lannilis - Tennis Club des Abers \u00e0 Lannilis<\/title>\n<meta name=\"robots\" content=\"index, follow, max-snippet:-1, max-image-preview:large, max-video-preview:-1\" \/>\n<link rel=\"canonical\" href=\"https:\/\/tcdesabers.fr\/index.php\/les-tarifs-tennis-club-abers-lannilis\/\" \/>\n<meta property=\"og:locale\" content=\"fr_FR\" \/>\n<meta property=\"og:type\" content=\"article\" \/>\n<meta property=\"og:title\" content=\"Les tarifs du tennis club des abers de lannilis - Tennis Club des Abers \u00e0 Lannilis\" \/>\n<meta property=\"og:description\" content=\"Plusieurs formules d&rsquo;adh\u00e9sion sont disponibles en fonction des cat\u00e9gories d&rsquo;\u00e2ge. L&rsquo;adh\u00e9sion loisirs donne le droit d&rsquo;acc\u00e8s aux 2 cours du tennis club. L&rsquo;adh\u00e9sion comp\u00e9tition permet en plus de participer aux comp\u00e9titions par \u00e9quipe. Les enfants peuvent participer aux comp\u00e9titions. Adh\u00e9sions Prix ADULTES LOISIRS 85 ADULTES COMPETITION 105 ETUDIANTS LOISIRS 75 ETUDIANTS COMPETITION 95 ENFANTS 65 [&hellip;]\" \/>\n<meta property=\"og:url\" content=\"https:\/\/tcdesabers.fr\/index.php\/les-tarifs-tennis-club-abers-lannilis\/\" \/>\n<meta property=\"og:site_name\" content=\"Tennis Club des Abers \u00e0 Lannilis\" \/>\n<meta property=\"article:publisher\" content=\"https:\/\/www.facebook.com\/tcabers.tcabers\" \/>\n<meta property=\"article:modified_time\" content=\"2021-09-16T21:32:21+00:00\" \/>\n<meta property=\"og:image\" content=\"http:\/\/tcdesabers.fr\/wp-content\/uploads\/2021\/08\/20210824_121330-1024x498.jpg\" \/>\n<meta name=\"twitter:card\" content=\"summary_large_image\" \/>\n<meta name=\"twitter:label1\" content=\"Dur\u00e9e de lecture est.\" \/>\n\t<meta name=\"twitter:data1\" content=\"1 minute\" \/>\n<script type=\"application\/ld+json\" class=\"yoast-schema-graph\">{\"@context\":\"https:\/\/schema.org\",\"@graph\":[{\"@type\":\"Organization\",\"@id\":\"https:\/\/tcdesabers.fr\/#organization\",\"name\":\"tennis club des abers de lannilis\",\"url\":\"https:\/\/tcdesabers.fr\/\",\"sameAs\":[\"https:\/\/www.facebook.com\/tcabers.tcabers\",\"https:\/\/www.instagram.com\/tcdesabers\/\"],\"logo\":{\"@type\":\"ImageObject\",\"@id\":\"https:\/\/tcdesabers.fr\/#logo\",\"inLanguage\":\"fr-FR\",\"url\":\"https:\/\/tcdesabers.fr\/wp-content\/uploads\/2021\/09\/cropped-logo.texte_.grand_.noir_.png\",\"contentUrl\":\"https:\/\/tcdesabers.fr\/wp-content\/uploads\/2021\/09\/cropped-logo.texte_.grand_.noir_.png\",\"width\":2000,\"height\":1000,\"caption\":\"tennis club des abers de lannilis\"},\"image\":{\"@id\":\"https:\/\/tcdesabers.fr\/#logo\"}},{\"@type\":\"WebSite\",\"@id\":\"https:\/\/tcdesabers.fr\/#website\",\"url\":\"https:\/\/tcdesabers.fr\/\",\"name\":\"Tennis Club des Abers \\u00e0 Lannilis\",\"description\":\"\\u00a0\\u00a0\\u00a0\\u00a0\\u00a0\\u00a0\\u00a0\\u00a0\\u00a0\\u00a0Tennis Club des Abers de Lannilis\",\"publisher\":{\"@id\":\"https:\/\/tcdesabers.fr\/#organization\"},\"potentialAction\":[{\"@type\":\"SearchAction\",\"target\":{\"@type\":\"EntryPoint\",\"urlTemplate\":\"https:\/\/tcdesabers.fr\/?s={search_term_string}\"},\"query-input\":\"required name=search_term_string\"}],\"inLanguage\":\"fr-FR\"},{\"@type\":\"ImageObject\",\"@id\":\"https:\/\/tcdesabers.fr\/index.php\/les-tarifs-tennis-club-abers-lannilis\/#primaryimage\",\"inLanguage\":\"fr-FR\",\"url\":\"http:\/\/tcdesabers.fr\/wp-content\/uploads\/2021\/08\/20210824_121330-1024x498.jpg\",\"contentUrl\":\"http:\/\/tcdesabers.fr\/wp-content\/uploads\/2021\/08\/20210824_121330-1024x498.jpg\"},{\"@type\":\"WebPage\",\"@id\":\"https:\/\/tcdesabers.fr\/index.php\/les-tarifs-tennis-club-abers-lannilis\/#webpage\",\"url\":\"https:\/\/tcdesabers.fr\/index.php\/les-tarifs-tennis-club-abers-lannilis\/\",\"name\":\"Les tarifs du tennis club des abers de lannilis - Tennis Club des Abers \\u00e0 Lannilis\",\"isPartOf\":{\"@id\":\"https:\/\/tcdesabers.fr\/#website\"},\"primaryImageOfPage\":{\"@id\":\"https:\/\/tcdesabers.fr\/index.php\/les-tarifs-tennis-club-abers-lannilis\/#primaryimage\"},\"datePublished\":\"2021-08-25T21:17:43+00:00\",\"dateModified\":\"2021-09-16T21:32:21+00:00\",\"breadcrumb\":{\"@id\":\"https:\/\/tcdesabers.fr\/index.php\/les-tarifs-tennis-club-abers-lannilis\/#breadcrumb\"},\"inLanguage\":\"fr-FR\",\"potentialAction\":[{\"@type\":\"ReadAction\",\"target\":[\"https:\/\/tcdesabers.fr\/index.php\/les-tarifs-tennis-club-abers-lannilis\/\"]}]},{\"@type\":\"BreadcrumbList\",\"@id\":\"https:\/\/tcdesabers.fr\/index.php\/les-tarifs-tennis-club-abers-lannilis\/#breadcrumb\",\"itemListElement\":[{\"@type\":\"ListItem\",\"position\":1,\"name\":\"Accueil\",\"item\":\"https:\/\/tcdesabers.fr\/\"},{\"@type\":\"ListItem\",\"position\":2,\"name\":\"Les tarifs du tennis club des abers de lannilis\"}]}]}<\/script>\n<!-- \/ Yoast SEO plugin. -->","yoast_head_json":{"title":"Les tarifs du tennis club des abers de lannilis - Tennis Club des Abers \u00e0 Lannilis","robots":{"index":"index","follow":"follow","max-snippet":"max-snippet:-1","max-image-preview":"max-image-preview:large","max-video-preview":"max-video-preview:-1"},"canonical":"https:\/\/tcdesabers.fr\/index.php\/les-tarifs-tennis-club-abers-lannilis\/","og_locale":"fr_FR","og_type":"article","og_title":"Les tarifs du tennis club des abers de lannilis - Tennis Club des Abers \u00e0 Lannilis","og_description":"Plusieurs formules d&rsquo;adh\u00e9sion sont disponibles en fonction des cat\u00e9gories d&rsquo;\u00e2ge. L&rsquo;adh\u00e9sion loisirs donne le droit d&rsquo;acc\u00e8s aux 2 cours du tennis club. L&rsquo;adh\u00e9sion comp\u00e9tition permet en plus de participer aux comp\u00e9titions par \u00e9quipe. Les enfants peuvent participer aux comp\u00e9titions. Adh\u00e9sions Prix ADULTES LOISIRS 85 ADULTES COMPETITION 105 ETUDIANTS LOISIRS 75 ETUDIANTS COMPETITION 95 ENFANTS 65 [&hellip;]","og_url":"https:\/\/tcdesabers.fr\/index.php\/les-tarifs-tennis-club-abers-lannilis\/","og_site_name":"Tennis Club des Abers \u00e0 Lannilis","article_publisher":"https:\/\/www.facebook.com\/tcabers.tcabers","article_modified_time":"2021-09-16T21:32:21+00:00","og_image":[{"url":"http:\/\/tcdesabers.fr\/wp-content\/uploads\/2021\/08\/20210824_121330-1024x498.jpg"}],"twitter_card":"summary_large_image","twitter_misc":{"Dur\u00e9e de lecture est.":"1 minute"},"schema":{"@context":"https:\/\/schema.org","@graph":[{"@type":"Organization","@id":"https:\/\/tcdesabers.fr\/#organization","name":"tennis club des abers de lannilis","url":"https:\/\/tcdesabers.fr\/","sameAs":["https:\/\/www.facebook.com\/tcabers.tcabers","https:\/\/www.instagram.com\/tcdesabers\/"],"logo":{"@type":"ImageObject","@id":"https:\/\/tcdesabers.fr\/#logo","inLanguage":"fr-FR","url":"https:\/\/tcdesabers.fr\/wp-content\/uploads\/2021\/09\/cropped-logo.texte_.grand_.noir_.png","contentUrl":"https:\/\/tcdesabers.fr\/wp-content\/uploads\/2021\/09\/cropped-logo.texte_.grand_.noir_.png","width":2000,"height":1000,"caption":"tennis club des abers de lannilis"},"image":{"@id":"https:\/\/tcdesabers.fr\/#logo"}},{"@type":"WebSite","@id":"https:\/\/tcdesabers.fr\/#website","url":"https:\/\/tcdesabers.fr\/","name":"Tennis Club des Abers \u00e0 Lannilis","description":"\u00a0\u00a0\u00a0\u00a0\u00a0\u00a0\u00a0\u00a0\u00a0\u00a0Tennis Club des Abers de Lannilis","publisher":{"@id":"https:\/\/tcdesabers.fr\/#organization"},"potentialAction":[{"@type":"SearchAction","target":{"@type":"EntryPoint","urlTemplate":"https:\/\/tcdesabers.fr\/?s={search_term_string}"},"query-input":"required name=search_term_string"}],"inLanguage":"fr-FR"},{"@type":"ImageObject","@id":"https:\/\/tcdesabers.fr\/index.php\/les-tarifs-tennis-club-abers-lannilis\/#primaryimage","inLanguage":"fr-FR","url":"http:\/\/tcdesabers.fr\/wp-content\/uploads\/2021\/08\/20210824_121330-1024x498.jpg","contentUrl":"http:\/\/tcdesabers.fr\/wp-content\/uploads\/2021\/08\/20210824_121330-1024x498.jpg"},{"@type":"WebPage","@id":"https:\/\/tcdesabers.fr\/index.php\/les-tarifs-tennis-club-abers-lannilis\/#webpage","url":"https:\/\/tcdesabers.fr\/index.php\/les-tarifs-tennis-club-abers-lannilis\/","name":"Les tarifs du tennis club des abers de lannilis - Tennis Club des Abers \u00e0 Lannilis","isPartOf":{"@id":"https:\/\/tcdesabers.fr\/#website"},"primaryImageOfPage":{"@id":"https:\/\/tcdesabers.fr\/index.php\/les-tarifs-tennis-club-abers-lannilis\/#primaryimage"},"datePublished":"2021-08-25T21:17:43+00:00","dateModified":"2021-09-16T21:32:21+00:00","breadcrumb":{"@id":"https:\/\/tcdesabers.fr\/index.php\/les-tarifs-tennis-club-abers-lannilis\/#breadcrumb"},"inLanguage":"fr-FR","potentialAction":[{"@type":"ReadAction","target":["https:\/\/tcdesabers.fr\/index.php\/les-tarifs-tennis-club-abers-lannilis\/"]}]},{"@type":"BreadcrumbList","@id":"https:\/\/tcdesabers.fr\/index.php\/les-tarifs-tennis-club-abers-lannilis\/#breadcrumb","itemListElement":[{"@type":"ListItem","position":1,"name":"Accueil","item":"https:\/\/tcdesabers.fr\/"},{"@type":"ListItem","position":2,"name":"Les tarifs du tennis club des abers de lannilis"}]}]}},"_links":{"self":[{"href":"https:\/\/tcdesabers.fr\/index.php\/wp-json\/wp\/v2\/pages\/47"}],"collection":[{"href":"https:\/\/tcdesabers.fr\/index.php\/wp-json\/wp\/v2\/pages"}],"about":[{"href":"https:\/\/tcdesabers.fr\/index.php\/wp-json\/wp\/v2\/types\/page"}],"author":[{"embeddable":true,"href":"https:\/\/tcdesabers.fr\/index.php\/wp-json\/wp\/v2\/users\/1"}],"replies":[{"embeddable":true,"href":"https:\/\/tcdesabers.fr\/index.php\/wp-json\/wp\/v2\/comments?post=47"}],"version-history":[{"count":51,"href":"https:\/\/tcdesabers.fr\/index.php\/wp-json\/wp\/v2\/pages\/47\/revisions"}],"predecessor-version":[{"id":440,"href":"https:\/\/tcdesabers.fr\/index.php\/wp-json\/wp\/v2\/pages\/47\/revisions\/440"}],"wp:attachment":[{"href":"https:\/\/tcdesabers.fr\/index.php\/wp-json\/wp\/v2\/media?parent=47"}],"curies":[{"name":"wp","href":"https:\/\/api.w.org\/{rel}","templated":true}]}}