{"id":498,"date":"2022-04-21T19:46:50","date_gmt":"2022-04-21T17:46:50","guid":{"rendered":"https:\/\/tcdesabers.fr\/?page_id=498"},"modified":"2024-01-15T12:19:35","modified_gmt":"2024-01-15T11:19:35","slug":"resultats-competition","status":"publish","type":"page","link":"https:\/\/tcdesabers.fr\/index.php\/resultats-competition\/","title":{"rendered":"R\u00e9sultats Comp\u00e9tition"},"content":{"rendered":"\n<p>D\u00e9couvrez les r\u00e9sultats des \u00e9quipes et le calendrier de l&rsquo;ensemble des \u00e9quipes du club pour la saison 2023-2024 sur le site tenup de la FFT.<\/p>\n\n\n\n<p><\/p>\n\n\n\n<p><a href=\"https:\/\/tenup.fft.fr\/club\/52290020\/competitions\" target=\"_blank\" rel=\"noreferrer noopener\">https:\/\/tenup.fft.fr\/club\/52290020\/competitions<\/a><\/p>\n\n\n\n<p><\/p>\n\n\n\n<p>Pour acc\u00e9der au classement d&rsquo;une \u00e9quipe pour la saison 2023-2024<\/p>\n\n\n\n<p>11\/12 ans filles vert : <a href=\"https:\/\/tenup.fft.fr\/championnat\/82398948\" target=\"_blank\" rel=\"noreferrer noopener\">https:\/\/tenup.fft.fr\/championnat\/82398948<\/a><\/p>\n\n\n\n<p>11\/12 ans gar\u00e7ons vert : <a href=\"https:\/\/tenup.fft.fr\/championnat\/82398947\" target=\"_blank\" rel=\"noreferrer noopener\">https:\/\/tenup.fft.fr\/championnat\/82398947<\/a><\/p>\n\n\n\n<p>13\/14 ans  gar\u00e7ons vert : <a href=\"https:\/\/tenup.fft.fr\/championnat\/82410542\" target=\"_blank\" rel=\"noreferrer noopener\">https:\/\/tenup.fft.fr\/championnat\/82410542<\/a><\/p>\n\n\n\n<p>Senior Dames en D2: <a href=\"https:\/\/tenup.fft.fr\/championnat\/82398934\" target=\"_blank\" rel=\"noreferrer noopener\">https:\/\/tenup.fft.fr\/championnat\/82398934<\/a><\/p>\n\n\n\n<p class=\"has-text-align-left\">Senior Hommes Equipe 1 en D3 : <a href=\"https:\/\/tenup.fft.fr\/championnat\/82398948?division=124755&amp;phase=199794&amp;poule=451701\" target=\"_blank\" rel=\"noreferrer noopener\">https:\/\/tenup.fft.fr\/championnat\/82398948?division=124755&amp;phase=199794&amp;poule=451701<\/a><\/p>\n\n\n\n<p class=\"has-text-align-left\">Senior Hommes Equipe 2 en D4 : <a href=\"https:\/\/tenup.fft.fr\/championnat\/82398933?division=122824&amp;phase=197899&amp;poule=449051\" target=\"_blank\" rel=\"noreferrer noopener\">https:\/\/tenup.fft.fr\/championnat\/82398933?division=122824&amp;phase=197899&amp;poule=449051<\/a><\/p>\n\n\n\n<p><\/p>\n","protected":false},"excerpt":{"rendered":"<p>D\u00e9couvrez les r\u00e9sultats des \u00e9quipes et le calendrier de l&rsquo;ensemble des \u00e9quipes du club pour la saison 2023-2024 sur le site tenup de la FFT. https:\/\/tenup.fft.fr\/club\/52290020\/competitions Pour acc\u00e9der au classement d&rsquo;une \u00e9quipe pour la saison 2023-2024 11\/12 ans filles vert : https:\/\/tenup.fft.fr\/championnat\/82398948 11\/12 ans gar\u00e7ons vert : https:\/\/tenup.fft.fr\/championnat\/82398947 13\/14 ans gar\u00e7ons vert : https:\/\/tenup.fft.fr\/championnat\/82410542 Senior [&hellip;]<\/p>\n","protected":false},"author":4,"featured_media":0,"parent":0,"menu_order":0,"comment_status":"closed","ping_status":"closed","template":"","meta":[],"yoast_head":"<!-- This site is optimized with the Yoast SEO plugin v17.2 - https:\/\/yoast.com\/wordpress\/plugins\/seo\/ -->\n<title>R\u00e9sultats Comp\u00e9tition - Tennis Club des Abers \u00e0 Lannilis<\/title>\n<meta name=\"robots\" content=\"index, follow, max-snippet:-1, max-image-preview:large, max-video-preview:-1\" \/>\n<link rel=\"canonical\" href=\"https:\/\/tcdesabers.fr\/index.php\/resultats-competition\/\" \/>\n<meta property=\"og:locale\" content=\"fr_FR\" \/>\n<meta property=\"og:type\" content=\"article\" \/>\n<meta property=\"og:title\" content=\"R\u00e9sultats Comp\u00e9tition - Tennis Club des Abers \u00e0 Lannilis\" \/>\n<meta property=\"og:description\" content=\"D\u00e9couvrez les r\u00e9sultats des \u00e9quipes et le calendrier de l&rsquo;ensemble des \u00e9quipes du club pour la saison 2023-2024 sur le site tenup de la FFT. https:\/\/tenup.fft.fr\/club\/52290020\/competitions Pour acc\u00e9der au classement d&rsquo;une \u00e9quipe pour la saison 2023-2024 11\/12 ans filles vert : https:\/\/tenup.fft.fr\/championnat\/82398948 11\/12 ans gar\u00e7ons vert : https:\/\/tenup.fft.fr\/championnat\/82398947 13\/14 ans gar\u00e7ons vert : https:\/\/tenup.fft.fr\/championnat\/82410542 Senior [&hellip;]\" \/>\n<meta property=\"og:url\" content=\"https:\/\/tcdesabers.fr\/index.php\/resultats-competition\/\" \/>\n<meta property=\"og:site_name\" content=\"Tennis Club des Abers \u00e0 Lannilis\" \/>\n<meta property=\"article:publisher\" content=\"https:\/\/www.facebook.com\/tcabers.tcabers\" \/>\n<meta property=\"article:modified_time\" content=\"2024-01-15T11:19:35+00:00\" \/>\n<meta name=\"twitter:card\" content=\"summary_large_image\" \/>\n<meta name=\"twitter:label1\" content=\"Dur\u00e9e de lecture est.\" \/>\n\t<meta name=\"twitter:data1\" content=\"1 minute\" \/>\n<script type=\"application\/ld+json\" class=\"yoast-schema-graph\">{\"@context\":\"https:\/\/schema.org\",\"@graph\":[{\"@type\":\"Organization\",\"@id\":\"https:\/\/tcdesabers.fr\/#organization\",\"name\":\"tennis club des abers de lannilis\",\"url\":\"https:\/\/tcdesabers.fr\/\",\"sameAs\":[\"https:\/\/www.facebook.com\/tcabers.tcabers\",\"https:\/\/www.instagram.com\/tcdesabers\/\"],\"logo\":{\"@type\":\"ImageObject\",\"@id\":\"https:\/\/tcdesabers.fr\/#logo\",\"inLanguage\":\"fr-FR\",\"url\":\"https:\/\/tcdesabers.fr\/wp-content\/uploads\/2021\/09\/cropped-logo.texte_.grand_.noir_.png\",\"contentUrl\":\"https:\/\/tcdesabers.fr\/wp-content\/uploads\/2021\/09\/cropped-logo.texte_.grand_.noir_.png\",\"width\":2000,\"height\":1000,\"caption\":\"tennis club des abers de lannilis\"},\"image\":{\"@id\":\"https:\/\/tcdesabers.fr\/#logo\"}},{\"@type\":\"WebSite\",\"@id\":\"https:\/\/tcdesabers.fr\/#website\",\"url\":\"https:\/\/tcdesabers.fr\/\",\"name\":\"Tennis Club des Abers \\u00e0 Lannilis\",\"description\":\"\\u00a0\\u00a0\\u00a0\\u00a0\\u00a0\\u00a0\\u00a0\\u00a0\\u00a0\\u00a0Tennis Club des Abers de Lannilis\",\"publisher\":{\"@id\":\"https:\/\/tcdesabers.fr\/#organization\"},\"potentialAction\":[{\"@type\":\"SearchAction\",\"target\":{\"@type\":\"EntryPoint\",\"urlTemplate\":\"https:\/\/tcdesabers.fr\/?s={search_term_string}\"},\"query-input\":\"required name=search_term_string\"}],\"inLanguage\":\"fr-FR\"},{\"@type\":\"WebPage\",\"@id\":\"https:\/\/tcdesabers.fr\/index.php\/resultats-competition\/#webpage\",\"url\":\"https:\/\/tcdesabers.fr\/index.php\/resultats-competition\/\",\"name\":\"R\\u00e9sultats Comp\\u00e9tition - Tennis Club des Abers \\u00e0 Lannilis\",\"isPartOf\":{\"@id\":\"https:\/\/tcdesabers.fr\/#website\"},\"datePublished\":\"2022-04-21T17:46:50+00:00\",\"dateModified\":\"2024-01-15T11:19:35+00:00\",\"breadcrumb\":{\"@id\":\"https:\/\/tcdesabers.fr\/index.php\/resultats-competition\/#breadcrumb\"},\"inLanguage\":\"fr-FR\",\"potentialAction\":[{\"@type\":\"ReadAction\",\"target\":[\"https:\/\/tcdesabers.fr\/index.php\/resultats-competition\/\"]}]},{\"@type\":\"BreadcrumbList\",\"@id\":\"https:\/\/tcdesabers.fr\/index.php\/resultats-competition\/#breadcrumb\",\"itemListElement\":[{\"@type\":\"ListItem\",\"position\":1,\"name\":\"Accueil\",\"item\":\"https:\/\/tcdesabers.fr\/\"},{\"@type\":\"ListItem\",\"position\":2,\"name\":\"R\\u00e9sultats Comp\\u00e9tition\"}]}]}<\/script>\n<!-- \/ Yoast SEO plugin. -->","yoast_head_json":{"title":"R\u00e9sultats Comp\u00e9tition - Tennis Club des Abers \u00e0 Lannilis","robots":{"index":"index","follow":"follow","max-snippet":"max-snippet:-1","max-image-preview":"max-image-preview:large","max-video-preview":"max-video-preview:-1"},"canonical":"https:\/\/tcdesabers.fr\/index.php\/resultats-competition\/","og_locale":"fr_FR","og_type":"article","og_title":"R\u00e9sultats Comp\u00e9tition - Tennis Club des Abers \u00e0 Lannilis","og_description":"D\u00e9couvrez les r\u00e9sultats des \u00e9quipes et le calendrier de l&rsquo;ensemble des \u00e9quipes du club pour la saison 2023-2024 sur le site tenup de la FFT. https:\/\/tenup.fft.fr\/club\/52290020\/competitions Pour acc\u00e9der au classement d&rsquo;une \u00e9quipe pour la saison 2023-2024 11\/12 ans filles vert : https:\/\/tenup.fft.fr\/championnat\/82398948 11\/12 ans gar\u00e7ons vert : https:\/\/tenup.fft.fr\/championnat\/82398947 13\/14 ans gar\u00e7ons vert : https:\/\/tenup.fft.fr\/championnat\/82410542 Senior [&hellip;]","og_url":"https:\/\/tcdesabers.fr\/index.php\/resultats-competition\/","og_site_name":"Tennis Club des Abers \u00e0 Lannilis","article_publisher":"https:\/\/www.facebook.com\/tcabers.tcabers","article_modified_time":"2024-01-15T11:19:35+00:00","twitter_card":"summary_large_image","twitter_misc":{"Dur\u00e9e de lecture est.":"1 minute"},"schema":{"@context":"https:\/\/schema.org","@graph":[{"@type":"Organization","@id":"https:\/\/tcdesabers.fr\/#organization","name":"tennis club des abers de lannilis","url":"https:\/\/tcdesabers.fr\/","sameAs":["https:\/\/www.facebook.com\/tcabers.tcabers","https:\/\/www.instagram.com\/tcdesabers\/"],"logo":{"@type":"ImageObject","@id":"https:\/\/tcdesabers.fr\/#logo","inLanguage":"fr-FR","url":"https:\/\/tcdesabers.fr\/wp-content\/uploads\/2021\/09\/cropped-logo.texte_.grand_.noir_.png","contentUrl":"https:\/\/tcdesabers.fr\/wp-content\/uploads\/2021\/09\/cropped-logo.texte_.grand_.noir_.png","width":2000,"height":1000,"caption":"tennis club des abers de lannilis"},"image":{"@id":"https:\/\/tcdesabers.fr\/#logo"}},{"@type":"WebSite","@id":"https:\/\/tcdesabers.fr\/#website","url":"https:\/\/tcdesabers.fr\/","name":"Tennis Club des Abers \u00e0 Lannilis","description":"\u00a0\u00a0\u00a0\u00a0\u00a0\u00a0\u00a0\u00a0\u00a0\u00a0Tennis Club des Abers de Lannilis","publisher":{"@id":"https:\/\/tcdesabers.fr\/#organization"},"potentialAction":[{"@type":"SearchAction","target":{"@type":"EntryPoint","urlTemplate":"https:\/\/tcdesabers.fr\/?s={search_term_string}"},"query-input":"required name=search_term_string"}],"inLanguage":"fr-FR"},{"@type":"WebPage","@id":"https:\/\/tcdesabers.fr\/index.php\/resultats-competition\/#webpage","url":"https:\/\/tcdesabers.fr\/index.php\/resultats-competition\/","name":"R\u00e9sultats Comp\u00e9tition - Tennis Club des Abers \u00e0 Lannilis","isPartOf":{"@id":"https:\/\/tcdesabers.fr\/#website"},"datePublished":"2022-04-21T17:46:50+00:00","dateModified":"2024-01-15T11:19:35+00:00","breadcrumb":{"@id":"https:\/\/tcdesabers.fr\/index.php\/resultats-competition\/#breadcrumb"},"inLanguage":"fr-FR","potentialAction":[{"@type":"ReadAction","target":["https:\/\/tcdesabers.fr\/index.php\/resultats-competition\/"]}]},{"@type":"BreadcrumbList","@id":"https:\/\/tcdesabers.fr\/index.php\/resultats-competition\/#breadcrumb","itemListElement":[{"@type":"ListItem","position":1,"name":"Accueil","item":"https:\/\/tcdesabers.fr\/"},{"@type":"ListItem","position":2,"name":"R\u00e9sultats Comp\u00e9tition"}]}]}},"_links":{"self":[{"href":"https:\/\/tcdesabers.fr\/index.php\/wp-json\/wp\/v2\/pages\/498"}],"collection":[{"href":"https:\/\/tcdesabers.fr\/index.php\/wp-json\/wp\/v2\/pages"}],"about":[{"href":"https:\/\/tcdesabers.fr\/index.php\/wp-json\/wp\/v2\/types\/page"}],"author":[{"embeddable":true,"href":"https:\/\/tcdesabers.fr\/index.php\/wp-json\/wp\/v2\/users\/4"}],"replies":[{"embeddable":true,"href":"https:\/\/tcdesabers.fr\/index.php\/wp-json\/wp\/v2\/comments?post=498"}],"version-history":[{"count":7,"href":"https:\/\/tcdesabers.fr\/index.php\/wp-json\/wp\/v2\/pages\/498\/revisions"}],"predecessor-version":[{"id":678,"href":"https:\/\/tcdesabers.fr\/index.php\/wp-json\/wp\/v2\/pages\/498\/revisions\/678"}],"wp:attachment":[{"href":"https:\/\/tcdesabers.fr\/index.php\/wp-json\/wp\/v2\/media?parent=498"}],"curies":[{"name":"wp","href":"https:\/\/api.w.org\/{rel}","templated":true}]}}